{"id":4489,"date":"2022-07-07T12:25:02","date_gmt":"2022-07-07T09:25:02","guid":{"rendered":"https:\/\/archipelago-sifnos.gr\/contactez-nous\/"},"modified":"2023-02-28T16:19:06","modified_gmt":"2023-02-28T14:19:06","slug":"contactez-nous","status":"publish","type":"page","link":"https:\/\/archipelago-sifnos.gr\/fr\/contactez-nous\/","title":{"rendered":"Contactez-nous"},"content":{"rendered":"\t\t<div data-elementor-type=\"wp-page\" data-elementor-id=\"4489\" class=\"elementor elementor-4489 elementor-1083\" data-elementor-settings=\"{&quot;ha_cmc_init_switcher&quot;:&quot;no&quot;}\" data-elementor-post-type=\"page\">\n\t\t\t\t\t\t<section class=\"elementor-section elementor-top-section elementor-element elementor-element-3b84c44 elementor-section-full_width elementor-section-height-min-height elementor-section-items-stretch animated-slow elementor-section-height-default elementor-invisible\" data-id=\"3b84c44\" data-element_type=\"section\" data-e-type=\"section\" data-settings=\"{&quot;animation&quot;:&quot;fadeIn&quot;,&quot;_ha_eqh_enable&quot;:false}\">\n\t\t\t\t\t\t<div class=\"elementor-container elementor-column-gap-default\">\n\t\t\t\t\t<div class=\"elementor-column elementor-col-100 elementor-top-column elementor-element elementor-element-c4a8d6c\" data-id=\"c4a8d6c\" data-element_type=\"column\" data-e-type=\"column\" data-settings=\"{&quot;background_background&quot;:&quot;classic&quot;}\">\n\t\t\t<div class=\"elementor-widget-wrap elementor-element-populated\">\n\t\t\t\t\t<div class=\"elementor-background-overlay\"><\/div>\n\t\t\t\t\t\t<div class=\"elementor-element elementor-element-da0de1e elementor-widget elementor-widget-heading\" data-id=\"da0de1e\" data-element_type=\"widget\" data-e-type=\"widget\" data-widget_type=\"heading.default\">\n\t\t\t\t<div class=\"elementor-widget-container\">\n\t\t\t\t\t<h2 class=\"elementor-heading-title elementor-size-default\">Restons en contact!<\/h2>\t\t\t\t<\/div>\n\t\t\t\t<\/div>\n\t\t\t\t<div class=\"elementor-element elementor-element-8e4e077 elementor-widget-divider--view-line elementor-widget elementor-widget-divider\" data-id=\"8e4e077\" data-element_type=\"widget\" data-e-type=\"widget\" data-widget_type=\"divider.default\">\n\t\t\t\t<div class=\"elementor-widget-container\">\n\t\t\t\t\t\t\t<div class=\"elementor-divider\">\n\t\t\t<span class=\"elementor-divider-separator\">\n\t\t\t\t\t\t<\/span>\n\t\t<\/div>\n\t\t\t\t\t\t<\/div>\n\t\t\t\t<\/div>\n\t\t\t\t<div class=\"elementor-element elementor-element-e9a5377 animated-slow elementor-invisible elementor-widget elementor-widget-text-editor\" data-id=\"e9a5377\" data-element_type=\"widget\" data-e-type=\"widget\" data-settings=\"{&quot;_animation&quot;:&quot;fadeInUp&quot;,&quot;_animation_delay&quot;:1000}\" data-widget_type=\"text-editor.default\">\n\t\t\t\t<div class=\"elementor-widget-container\">\n\t\t\t\t\t\t\t\t\t<p>Et si vos vacances sont termin\u00e9es, les prochaines suivront bient\u00f4t!<br \/>Nous sommes \u00e0 votre disposition tout au long de l&rsquo;ann\u00e9e!<br \/>Envoyez-nous votre demande et nous vous r\u00e9pondrons dans les plus brefs d\u00e9lais!<\/p>\n\t\t\t\t\t\t\t\t<\/div>\n\t\t\t\t<\/div>\n\t\t\t\t\t<\/div>\n\t\t<\/div>\n\t\t\t\t\t<\/div>\n\t\t<\/section>\n\t\t\t\t<section class=\"elementor-section elementor-top-section elementor-element elementor-element-8eb68ce elementor-section-items-stretch elementor-section-height-min-height elementor-section-boxed elementor-section-height-default\" data-id=\"8eb68ce\" data-element_type=\"section\" data-e-type=\"section\" data-settings=\"{&quot;_ha_eqh_enable&quot;:false}\">\n\t\t\t\t\t\t<div class=\"elementor-container elementor-column-gap-default\">\n\t\t\t\t\t<div class=\"elementor-column elementor-col-33 elementor-top-column elementor-element elementor-element-67c0754\" data-id=\"67c0754\" data-element_type=\"column\" data-e-type=\"column\">\n\t\t\t<div class=\"elementor-widget-wrap elementor-element-populated\">\n\t\t\t\t\t\t<div class=\"elementor-element elementor-element-c18ff21 elementor-widget elementor-widget-heading\" data-id=\"c18ff21\" data-element_type=\"widget\" data-e-type=\"widget\" data-widget_type=\"heading.default\">\n\t\t\t\t<div class=\"elementor-widget-container\">\n\t\t\t\t\t<h2 class=\"elementor-heading-title elementor-size-default\">Contact<\/h2>\t\t\t\t<\/div>\n\t\t\t\t<\/div>\n\t\t\t\t<div class=\"elementor-element elementor-element-1ff3d38 elementor-align-start elementor-list-item-link-inline elementor-icon-list--layout-traditional elementor-widget elementor-widget-icon-list\" data-id=\"1ff3d38\" data-element_type=\"widget\" data-e-type=\"widget\" data-widget_type=\"icon-list.default\">\n\t\t\t\t<div class=\"elementor-widget-container\">\n\t\t\t\t\t\t\t<ul class=\"elementor-icon-list-items\">\n\t\t\t\t\t\t\t<li class=\"elementor-icon-list-item\">\n\t\t\t\t\t\t\t\t\t\t\t<a href=\"https:\/\/www.google.com\/maps\/place\/Archipelago+Hotel\/@36.932432,24.686797,15z\/data=!4m2!3m1!1s0x0:0x7b215e913aaa674b?sa=X&#038;ved=2ahUKEwiC4e-lw_j4AhVjXvEDHVHfAjAQ_BJ6BAg1EAU\" target=\"_blank\">\n\n\t\t\t\t\t\t\t\t\t\t\t\t<span class=\"elementor-icon-list-icon\">\n\t\t\t\t\t\t\t<i aria-hidden=\"true\" class=\"fas fa-map-marked-alt\"><\/i>\t\t\t\t\t\t<\/span>\n\t\t\t\t\t\t\t\t\t\t<span class=\"elementor-icon-list-text\">Vathi, Sifnos, Gr\u00e8ce <br> C.P.:  840 03<\/span>\n\t\t\t\t\t\t\t\t\t\t\t<\/a>\n\t\t\t\t\t\t\t\t\t<\/li>\n\t\t\t\t\t\t\t\t<li class=\"elementor-icon-list-item\">\n\t\t\t\t\t\t\t\t\t\t\t<a href=\"tel:+306972870898\">\n\n\t\t\t\t\t\t\t\t\t\t\t\t<span class=\"elementor-icon-list-icon\">\n\t\t\t\t\t\t\t<svg xmlns=\"http:\/\/www.w3.org\/2000\/svg\" xmlns:xlink=\"http:\/\/www.w3.org\/1999\/xlink\" id=\"Capa_1\" x=\"0px\" y=\"0px\" viewBox=\"0 0 27.442 27.442\" style=\"enable-background:new 0 0 27.442 27.442;\" xml:space=\"preserve\"><g>\t<path d=\"M19.494,0H7.948C6.843,0,5.951,0.896,5.951,1.999v23.446c0,1.102,0.892,1.997,1.997,1.997h11.546  c1.103,0,1.997-0.895,1.997-1.997V1.999C21.491,0.896,20.597,0,19.494,0z M10.872,1.214h5.7c0.144,0,0.261,0.215,0.261,0.481  s-0.117,0.482-0.261,0.482h-5.7c-0.145,0-0.26-0.216-0.26-0.482C10.612,1.429,10.727,1.214,10.872,1.214z M13.722,25.469  c-0.703,0-1.275-0.572-1.275-1.276s0.572-1.274,1.275-1.274c0.701,0,1.273,0.57,1.273,1.274S14.423,25.469,13.722,25.469z   M19.995,21.1H7.448V3.373h12.547V21.1z\"><\/path>\t<g>\t<\/g>\t<g>\t<\/g>\t<g>\t<\/g>\t<g>\t<\/g>\t<g>\t<\/g>\t<g>\t<\/g>\t<g>\t<\/g>\t<g>\t<\/g>\t<g>\t<\/g>\t<g>\t<\/g>\t<g>\t<\/g>\t<g>\t<\/g>\t<g>\t<\/g>\t<g>\t<\/g>\t<g>\t<\/g><\/g><g><\/g><g><\/g><g><\/g><g><\/g><g><\/g><g><\/g><g><\/g><g><\/g><g><\/g><g><\/g><g><\/g><g><\/g><g><\/g><g><\/g><g><\/g><\/svg>\t\t\t\t\t\t<\/span>\n\t\t\t\t\t\t\t\t\t\t<span class=\"elementor-icon-list-text\">+30 69728 70898<\/span>\n\t\t\t\t\t\t\t\t\t\t\t<\/a>\n\t\t\t\t\t\t\t\t\t<\/li>\n\t\t\t\t\t\t\t\t<li class=\"elementor-icon-list-item\">\n\t\t\t\t\t\t\t\t\t\t\t<a href=\"tel:+302284071120\">\n\n\t\t\t\t\t\t\t\t\t\t\t\t<span class=\"elementor-icon-list-icon\">\n\t\t\t\t\t\t\t<i aria-hidden=\"true\" class=\"fas fa-phone\"><\/i>\t\t\t\t\t\t<\/span>\n\t\t\t\t\t\t\t\t\t\t<span class=\"elementor-icon-list-text\">+30 22840 71120<\/span>\n\t\t\t\t\t\t\t\t\t\t\t<\/a>\n\t\t\t\t\t\t\t\t\t<\/li>\n\t\t\t\t\t\t\t\t<li class=\"elementor-icon-list-item\">\n\t\t\t\t\t\t\t\t\t\t\t<a href=\"mailto:contact@archipelago-sifnos.gr%20\">\n\n\t\t\t\t\t\t\t\t\t\t\t\t<span class=\"elementor-icon-list-icon\">\n\t\t\t\t\t\t\t<i aria-hidden=\"true\" class=\"fas fa-envelope\"><\/i>\t\t\t\t\t\t<\/span>\n\t\t\t\t\t\t\t\t\t\t<span class=\"elementor-icon-list-text\">contact@archipelago-sifnos.gr <\/span>\n\t\t\t\t\t\t\t\t\t\t\t<\/a>\n\t\t\t\t\t\t\t\t\t<\/li>\n\t\t\t\t\t\t<\/ul>\n\t\t\t\t\t\t<\/div>\n\t\t\t\t<\/div>\n\t\t\t\t\t<\/div>\n\t\t<\/div>\n\t\t\t\t<div class=\"elementor-column elementor-col-66 elementor-top-column elementor-element elementor-element-3006a1b\" data-id=\"3006a1b\" data-element_type=\"column\" data-e-type=\"column\" data-settings=\"{&quot;background_background&quot;:&quot;classic&quot;}\">\n\t\t\t<div class=\"elementor-widget-wrap elementor-element-populated\">\n\t\t\t\t\t\t<div class=\"elementor-element elementor-element-774ae61 elementor-button-align-stretch elementor-widget elementor-widget-form\" data-id=\"774ae61\" data-element_type=\"widget\" data-e-type=\"widget\" data-settings=\"{&quot;step_next_label&quot;:&quot;Next&quot;,&quot;step_previous_label&quot;:&quot;Previous&quot;,&quot;button_width&quot;:&quot;100&quot;,&quot;step_type&quot;:&quot;number_text&quot;,&quot;step_icon_shape&quot;:&quot;circle&quot;}\" data-widget_type=\"form.default\">\n\t\t\t\t<div class=\"elementor-widget-container\">\n\t\t\t\t\t\t\t<form class=\"elementor-form\" method=\"post\" name=\"Forme\" aria-label=\"Forme\">\n\t\t\t<input type=\"hidden\" name=\"post_id\" value=\"4489\"\/>\n\t\t\t<input type=\"hidden\" name=\"form_id\" value=\"774ae61\"\/>\n\t\t\t<input type=\"hidden\" name=\"referer_title\" value=\"Contactez-nous - Archipelago - Sifnos\" \/>\n\n\t\t\t\t\t\t\t<input type=\"hidden\" name=\"queried_id\" value=\"4489\"\/>\n\t\t\t\n\t\t\t<div class=\"elementor-form-fields-wrapper elementor-labels-above\">\n\t\t\t\t\t\t\t\t<div class=\"elementor-field-type-text elementor-field-group elementor-column elementor-field-group-name elementor-col-100\">\n\t\t\t\t\t\t\t\t\t\t\t\t<label for=\"form-field-name\" class=\"elementor-field-label\">\n\t\t\t\t\t\t\t\tNom\/Surnom\t\t\t\t\t\t\t<\/label>\n\t\t\t\t\t\t\t\t\t\t\t\t\t\t<input size=\"1\" type=\"text\" name=\"form_fields[name]\" id=\"form-field-name\" class=\"elementor-field elementor-size-md  elementor-field-textual\">\n\t\t\t\t\t\t\t\t\t\t\t<\/div>\n\t\t\t\t\t\t\t\t<div class=\"elementor-field-type-email elementor-field-group elementor-column elementor-field-group-useremail elementor-col-100 elementor-field-required\">\n\t\t\t\t\t\t\t\t\t\t\t\t<label for=\"form-field-useremail\" class=\"elementor-field-label\">\n\t\t\t\t\t\t\t\tEmail\t\t\t\t\t\t\t<\/label>\n\t\t\t\t\t\t\t\t\t\t\t\t\t\t<input size=\"1\" type=\"email\" name=\"form_fields[useremail]\" id=\"form-field-useremail\" class=\"elementor-field elementor-size-md  elementor-field-textual\" required=\"required\">\n\t\t\t\t\t\t\t\t\t\t\t<\/div>\n\t\t\t\t\t\t\t\t<div class=\"elementor-field-type-textarea elementor-field-group elementor-column elementor-field-group-message elementor-col-100\">\n\t\t\t\t\t\t\t\t\t\t\t\t<label for=\"form-field-message\" class=\"elementor-field-label\">\n\t\t\t\t\t\t\t\tMessage\t\t\t\t\t\t\t<\/label>\n\t\t\t\t\t\t<textarea class=\"elementor-field-textual elementor-field  elementor-size-md\" name=\"form_fields[message]\" id=\"form-field-message\" rows=\"15\"><\/textarea>\t\t\t\t<\/div>\n\t\t\t\t\t\t\t\t<div class=\"elementor-field-group elementor-column elementor-field-type-submit elementor-col-100 e-form__buttons\">\n\t\t\t\t\t<button class=\"elementor-button elementor-size-sm\" type=\"submit\">\n\t\t\t\t\t\t<span class=\"elementor-button-content-wrapper\">\n\t\t\t\t\t\t\t\t\t\t\t\t\t\t\t\t\t\t\t\t\t\t<span class=\"elementor-button-text\">Envoyer<\/span>\n\t\t\t\t\t\t\t\t\t\t\t\t\t<\/span>\n\t\t\t\t\t<\/button>\n\t\t\t\t<\/div>\n\t\t\t<\/div>\n\t\t<\/form>\n\t\t\t\t\t\t<\/div>\n\t\t\t\t<\/div>\n\t\t\t\t\t<\/div>\n\t\t<\/div>\n\t\t\t\t\t<\/div>\n\t\t<\/section>\n\t\t\t\t<\/div>\n\t\t","protected":false},"excerpt":{"rendered":"<p>Restons en contact! Et si vos vacances sont termin\u00e9es, les prochaines suivront bient\u00f4t!Nous sommes \u00e0 votre disposition tout au long de l&rsquo;ann\u00e9e!Envoyez-nous votre demande et nous vous r\u00e9pondrons dans les plus brefs d\u00e9lais! Contact Vathi, Sifnos, Gr\u00e8ce C.P.: 840 03 &hellip; <a href=\"https:\/\/archipelago-sifnos.gr\/fr\/contactez-nous\/\">Read More<\/a><\/p>\n","protected":false},"author":1,"featured_media":0,"parent":0,"menu_order":0,"comment_status":"closed","ping_status":"closed","template":"elementor_theme","meta":{"footnotes":""},"class_list":["post-4489","page","type-page","status-publish","hentry"],"yoast_head":"<!-- This site is optimized with the Yoast SEO plugin v27.0 - https:\/\/yoast.com\/product\/yoast-seo-wordpress\/ -->\n<title>Contactez-nous - Archipelago - Sifnos<\/title>\n<meta name=\"description\" content=\"Et si vos vacances sont termin\u00e9es, les prochaines suivront bient\u00f4t! Nous sommes \u00e0 votre disposition tout au long de l&#039;ann\u00e9e! Envoyez-nous votre demande et nous vous r\u00e9pondrons dans les plus brefs d\u00e9lais!\" \/>\n<meta name=\"robots\" content=\"index, follow, max-snippet:-1, max-image-preview:large, max-video-preview:-1\" \/>\n<link rel=\"canonical\" href=\"https:\/\/archipelago-sifnos.gr\/fr\/contactez-nous\/\" \/>\n<meta property=\"og:locale\" content=\"fr_FR\" \/>\n<meta property=\"og:type\" content=\"article\" \/>\n<meta property=\"og:title\" content=\"Contactez-nous - Archipelago - Sifnos\" \/>\n<meta property=\"og:description\" content=\"Et si vos vacances sont termin\u00e9es, les prochaines suivront bient\u00f4t! Nous sommes \u00e0 votre disposition tout au long de l&#039;ann\u00e9e! Envoyez-nous votre demande et nous vous r\u00e9pondrons dans les plus brefs d\u00e9lais!\" \/>\n<meta property=\"og:url\" content=\"https:\/\/archipelago-sifnos.gr\/fr\/contactez-nous\/\" \/>\n<meta property=\"og:site_name\" content=\"Archipelago - Sifnos\" \/>\n<meta property=\"article:modified_time\" content=\"2023-02-28T14:19:06+00:00\" \/>\n<meta name=\"twitter:card\" content=\"summary_large_image\" \/>\n<meta name=\"twitter:label1\" content=\"Dur\u00e9e de lecture estim\u00e9e\" \/>\n\t<meta name=\"twitter:data1\" content=\"1 minute\" \/>\n<script type=\"application\/ld+json\" class=\"yoast-schema-graph\">{\"@context\":\"https:\/\/schema.org\",\"@graph\":[{\"@type\":\"WebPage\",\"@id\":\"https:\/\/archipelago-sifnos.gr\/fr\/contactez-nous\/\",\"url\":\"https:\/\/archipelago-sifnos.gr\/fr\/contactez-nous\/\",\"name\":\"Contactez-nous - Archipelago - Sifnos\",\"isPartOf\":{\"@id\":\"https:\/\/archipelago-sifnos.gr\/fr\/#website\"},\"datePublished\":\"2022-07-07T09:25:02+00:00\",\"dateModified\":\"2023-02-28T14:19:06+00:00\",\"description\":\"Et si vos vacances sont termin\u00e9es, les prochaines suivront bient\u00f4t! Nous sommes \u00e0 votre disposition tout au long de l'ann\u00e9e! Envoyez-nous votre demande et nous vous r\u00e9pondrons dans les plus brefs d\u00e9lais!\",\"breadcrumb\":{\"@id\":\"https:\/\/archipelago-sifnos.gr\/fr\/contactez-nous\/#breadcrumb\"},\"inLanguage\":\"fr-FR\",\"potentialAction\":[{\"@type\":\"ReadAction\",\"target\":[\"https:\/\/archipelago-sifnos.gr\/fr\/contactez-nous\/\"]}]},{\"@type\":\"BreadcrumbList\",\"@id\":\"https:\/\/archipelago-sifnos.gr\/fr\/contactez-nous\/#breadcrumb\",\"itemListElement\":[{\"@type\":\"ListItem\",\"position\":1,\"name\":\"\u0391\u03c1\u03c7\u03b9\u03ba\u03ae\",\"item\":\"https:\/\/archipelago-sifnos.gr\/fr\/\"},{\"@type\":\"ListItem\",\"position\":2,\"name\":\"Contactez-nous\"}]},{\"@type\":\"WebSite\",\"@id\":\"https:\/\/archipelago-sifnos.gr\/fr\/#website\",\"url\":\"https:\/\/archipelago-sifnos.gr\/fr\/\",\"name\":\"Archipelago - Sifnos\",\"description\":\"Just another WordPress site\",\"publisher\":{\"@id\":\"https:\/\/archipelago-sifnos.gr\/fr\/#organization\"},\"potentialAction\":[{\"@type\":\"SearchAction\",\"target\":{\"@type\":\"EntryPoint\",\"urlTemplate\":\"https:\/\/archipelago-sifnos.gr\/fr\/?s={search_term_string}\"},\"query-input\":{\"@type\":\"PropertyValueSpecification\",\"valueRequired\":true,\"valueName\":\"search_term_string\"}}],\"inLanguage\":\"fr-FR\"},{\"@type\":\"Organization\",\"@id\":\"https:\/\/archipelago-sifnos.gr\/fr\/#organization\",\"name\":\"Archipelago - Sifnos\",\"url\":\"https:\/\/archipelago-sifnos.gr\/fr\/\",\"logo\":{\"@type\":\"ImageObject\",\"inLanguage\":\"fr-FR\",\"@id\":\"https:\/\/archipelago-sifnos.gr\/fr\/#\/schema\/logo\/image\/\",\"url\":\"https:\/\/archipelago-sifnos.gr\/wp-content\/uploads\/2022\/06\/a-blue300-min.png\",\"contentUrl\":\"https:\/\/archipelago-sifnos.gr\/wp-content\/uploads\/2022\/06\/a-blue300-min.png\",\"width\":300,\"height\":446,\"caption\":\"Archipelago - Sifnos\"},\"image\":{\"@id\":\"https:\/\/archipelago-sifnos.gr\/fr\/#\/schema\/logo\/image\/\"}}]}<\/script>\n<!-- \/ Yoast SEO plugin. -->","yoast_head_json":{"title":"Contactez-nous - Archipelago - Sifnos","description":"Et si vos vacances sont termin\u00e9es, les prochaines suivront bient\u00f4t! Nous sommes \u00e0 votre disposition tout au long de l'ann\u00e9e! Envoyez-nous votre demande et nous vous r\u00e9pondrons dans les plus brefs d\u00e9lais!","robots":{"index":"index","follow":"follow","max-snippet":"max-snippet:-1","max-image-preview":"max-image-preview:large","max-video-preview":"max-video-preview:-1"},"canonical":"https:\/\/archipelago-sifnos.gr\/fr\/contactez-nous\/","og_locale":"fr_FR","og_type":"article","og_title":"Contactez-nous - Archipelago - Sifnos","og_description":"Et si vos vacances sont termin\u00e9es, les prochaines suivront bient\u00f4t! Nous sommes \u00e0 votre disposition tout au long de l'ann\u00e9e! Envoyez-nous votre demande et nous vous r\u00e9pondrons dans les plus brefs d\u00e9lais!","og_url":"https:\/\/archipelago-sifnos.gr\/fr\/contactez-nous\/","og_site_name":"Archipelago - Sifnos","article_modified_time":"2023-02-28T14:19:06+00:00","twitter_card":"summary_large_image","twitter_misc":{"Dur\u00e9e de lecture estim\u00e9e":"1 minute"},"schema":{"@context":"https:\/\/schema.org","@graph":[{"@type":"WebPage","@id":"https:\/\/archipelago-sifnos.gr\/fr\/contactez-nous\/","url":"https:\/\/archipelago-sifnos.gr\/fr\/contactez-nous\/","name":"Contactez-nous - Archipelago - Sifnos","isPartOf":{"@id":"https:\/\/archipelago-sifnos.gr\/fr\/#website"},"datePublished":"2022-07-07T09:25:02+00:00","dateModified":"2023-02-28T14:19:06+00:00","description":"Et si vos vacances sont termin\u00e9es, les prochaines suivront bient\u00f4t! Nous sommes \u00e0 votre disposition tout au long de l'ann\u00e9e! Envoyez-nous votre demande et nous vous r\u00e9pondrons dans les plus brefs d\u00e9lais!","breadcrumb":{"@id":"https:\/\/archipelago-sifnos.gr\/fr\/contactez-nous\/#breadcrumb"},"inLanguage":"fr-FR","potentialAction":[{"@type":"ReadAction","target":["https:\/\/archipelago-sifnos.gr\/fr\/contactez-nous\/"]}]},{"@type":"BreadcrumbList","@id":"https:\/\/archipelago-sifnos.gr\/fr\/contactez-nous\/#breadcrumb","itemListElement":[{"@type":"ListItem","position":1,"name":"\u0391\u03c1\u03c7\u03b9\u03ba\u03ae","item":"https:\/\/archipelago-sifnos.gr\/fr\/"},{"@type":"ListItem","position":2,"name":"Contactez-nous"}]},{"@type":"WebSite","@id":"https:\/\/archipelago-sifnos.gr\/fr\/#website","url":"https:\/\/archipelago-sifnos.gr\/fr\/","name":"Archipelago - Sifnos","description":"Just another WordPress site","publisher":{"@id":"https:\/\/archipelago-sifnos.gr\/fr\/#organization"},"potentialAction":[{"@type":"SearchAction","target":{"@type":"EntryPoint","urlTemplate":"https:\/\/archipelago-sifnos.gr\/fr\/?s={search_term_string}"},"query-input":{"@type":"PropertyValueSpecification","valueRequired":true,"valueName":"search_term_string"}}],"inLanguage":"fr-FR"},{"@type":"Organization","@id":"https:\/\/archipelago-sifnos.gr\/fr\/#organization","name":"Archipelago - Sifnos","url":"https:\/\/archipelago-sifnos.gr\/fr\/","logo":{"@type":"ImageObject","inLanguage":"fr-FR","@id":"https:\/\/archipelago-sifnos.gr\/fr\/#\/schema\/logo\/image\/","url":"https:\/\/archipelago-sifnos.gr\/wp-content\/uploads\/2022\/06\/a-blue300-min.png","contentUrl":"https:\/\/archipelago-sifnos.gr\/wp-content\/uploads\/2022\/06\/a-blue300-min.png","width":300,"height":446,"caption":"Archipelago - Sifnos"},"image":{"@id":"https:\/\/archipelago-sifnos.gr\/fr\/#\/schema\/logo\/image\/"}}]}},"_links":{"self":[{"href":"https:\/\/archipelago-sifnos.gr\/fr\/wp-json\/wp\/v2\/pages\/4489","targetHints":{"allow":["GET"]}}],"collection":[{"href":"https:\/\/archipelago-sifnos.gr\/fr\/wp-json\/wp\/v2\/pages"}],"about":[{"href":"https:\/\/archipelago-sifnos.gr\/fr\/wp-json\/wp\/v2\/types\/page"}],"author":[{"embeddable":true,"href":"https:\/\/archipelago-sifnos.gr\/fr\/wp-json\/wp\/v2\/users\/1"}],"replies":[{"embeddable":true,"href":"https:\/\/archipelago-sifnos.gr\/fr\/wp-json\/wp\/v2\/comments?post=4489"}],"version-history":[{"count":27,"href":"https:\/\/archipelago-sifnos.gr\/fr\/wp-json\/wp\/v2\/pages\/4489\/revisions"}],"predecessor-version":[{"id":4832,"href":"https:\/\/archipelago-sifnos.gr\/fr\/wp-json\/wp\/v2\/pages\/4489\/revisions\/4832"}],"wp:attachment":[{"href":"https:\/\/archipelago-sifnos.gr\/fr\/wp-json\/wp\/v2\/media?parent=4489"}],"curies":[{"name":"wp","href":"https:\/\/api.w.org\/{rel}","templated":true}]}}