{"id":4495,"date":"2022-07-06T12:33:50","date_gmt":"2022-07-06T09:33:50","guid":{"rendered":"https:\/\/archipelago-sifnos.gr\/bienvenus-dans-larchipelago\/"},"modified":"2022-10-03T13:48:40","modified_gmt":"2022-10-03T10:48:40","slug":"bienvenus-dans-larchipelago","status":"publish","type":"page","link":"https:\/\/archipelago-sifnos.gr\/fr\/bienvenus-dans-larchipelago\/","title":{"rendered":"Bienvenus dans l&rsquo;Archipelago!"},"content":{"rendered":"\t\t<div data-elementor-type=\"wp-page\" data-elementor-id=\"4495\" class=\"elementor elementor-4495 elementor-989\" data-elementor-settings=\"{&quot;ha_cmc_init_switcher&quot;:&quot;no&quot;}\" data-elementor-post-type=\"page\">\n\t\t\t\t\t\t<section class=\"elementor-section elementor-top-section elementor-element elementor-element-5b1efca8 elementor-section-full_width elementor-section-height-min-height elementor-section-items-top elementor-section-height-default\" data-id=\"5b1efca8\" data-element_type=\"section\" data-e-type=\"section\" data-settings=\"{&quot;background_background&quot;:&quot;classic&quot;,&quot;_ha_eqh_enable&quot;:false}\">\n\t\t\t\t\t\t<div class=\"elementor-container elementor-column-gap-default\">\n\t\t\t\t\t<div class=\"elementor-column elementor-col-100 elementor-top-column elementor-element elementor-element-2773a700\" data-id=\"2773a700\" data-element_type=\"column\" data-e-type=\"column\">\n\t\t\t<div class=\"elementor-widget-wrap elementor-element-populated\">\n\t\t\t\t\t\t<div class=\"elementor-element elementor-element-eced2e5 elementor-widget__width-auto elementor-widget elementor-widget-wpml-language-switcher\" data-id=\"eced2e5\" data-element_type=\"widget\" data-e-type=\"widget\" data-settings=\"{&quot;sticky&quot;:&quot;top&quot;,&quot;sticky_on&quot;:[&quot;desktop&quot;,&quot;tablet&quot;,&quot;mobile&quot;],&quot;sticky_offset&quot;:0,&quot;sticky_effects_offset&quot;:0,&quot;sticky_anchor_link_offset&quot;:0}\" data-widget_type=\"wpml-language-switcher.default\">\n\t\t\t\t<div class=\"elementor-widget-container\">\n\t\t\t\t\t<div class=\"wpml-elementor-ls\">\n<div class=\"wpml-ls-statics-shortcode_actions wpml-ls wpml-ls-legacy-list-horizontal\">\n\t<ul role=\"menu\"><li class=\"wpml-ls-slot-shortcode_actions wpml-ls-item wpml-ls-item-en wpml-ls-first-item wpml-ls-item-legacy-list-horizontal\" role=\"none\">\n\t\t\t\t<a href=\"https:\/\/archipelago-sifnos.gr\/en\/\" class=\"wpml-ls-link\" role=\"menuitem\"  aria-label=\"Passer \u00e0 EN(EN)\" title=\"Passer \u00e0 EN(EN)\" >\n                    <span class=\"wpml-ls-native\" lang=\"en\">EN<\/span><\/a>\n\t\t\t<\/li><li class=\"wpml-ls-slot-shortcode_actions wpml-ls-item wpml-ls-item-el wpml-ls-item-legacy-list-horizontal\" role=\"none\">\n\t\t\t\t<a href=\"https:\/\/archipelago-sifnos.gr\/\" class=\"wpml-ls-link\" role=\"menuitem\"  aria-label=\"Passer \u00e0 GR(GR)\" title=\"Passer \u00e0 GR(GR)\" >\n                    <span class=\"wpml-ls-native\" lang=\"el\">GR<\/span><\/a>\n\t\t\t<\/li><li class=\"wpml-ls-slot-shortcode_actions wpml-ls-item wpml-ls-item-fr wpml-ls-current-language wpml-ls-last-item wpml-ls-item-legacy-list-horizontal\" role=\"none\">\n\t\t\t\t<a href=\"https:\/\/archipelago-sifnos.gr\/fr\/\" class=\"wpml-ls-link\" role=\"menuitem\" >\n                    <span class=\"wpml-ls-native\" role=\"menuitem\">FR<\/span><\/a>\n\t\t\t<\/li><\/ul>\n<\/div>\n<\/div>\t\t\t\t<\/div>\n\t\t\t\t<\/div>\n\t\t\t\t\t<\/div>\n\t\t<\/div>\n\t\t\t\t\t<\/div>\n\t\t<\/section>\n\t\t\t\t<section class=\"elementor-section elementor-top-section elementor-element elementor-element-781d94c9 elementor-section-full_width elementor-section-height-min-height elementor-section-items-stretch elementor-section-height-default\" data-id=\"781d94c9\" data-element_type=\"section\" data-e-type=\"section\" data-settings=\"{&quot;_ha_eqh_enable&quot;:false}\">\n\t\t\t\t\t\t<div class=\"elementor-container elementor-column-gap-default\">\n\t\t\t\t\t<div class=\"elementor-column elementor-col-100 elementor-top-column elementor-element elementor-element-57f1e846\" data-id=\"57f1e846\" data-element_type=\"column\" data-e-type=\"column\" data-settings=\"{&quot;background_background&quot;:&quot;classic&quot;}\">\n\t\t\t<div class=\"elementor-widget-wrap elementor-element-populated\">\n\t\t\t\t\t<div class=\"elementor-background-overlay\"><\/div>\n\t\t\t\t\t\t<div data-ha-element-link=\"{&quot;url&quot;:&quot;#elementor-action%3Aaction%3Dpopup%3Aopen%26settings%3DeyJpZCI6IjE2OTAiLCJ0b2dnbGUiOmZhbHNlfQ%3D%3D&quot;,&quot;is_external&quot;:&quot;&quot;,&quot;nofollow&quot;:&quot;&quot;}\" style=\"cursor: pointer\" class=\"elementor-element elementor-element-a1d52c1 elementor-widget__width-auto animated-slow elementor-invisible elementor-widget elementor-widget-image\" data-id=\"a1d52c1\" data-element_type=\"widget\" data-e-type=\"widget\" data-settings=\"{&quot;ha_floating_fx&quot;:&quot;yes&quot;,&quot;ha_floating_fx_translate_toggle&quot;:&quot;yes&quot;,&quot;_animation&quot;:&quot;fadeInLeft&quot;,&quot;sticky&quot;:&quot;top&quot;,&quot;ha_floating_fx_translate_x&quot;:{&quot;unit&quot;:&quot;px&quot;,&quot;size&quot;:&quot;&quot;,&quot;sizes&quot;:{&quot;from&quot;:0,&quot;to&quot;:5}},&quot;ha_floating_fx_translate_y&quot;:{&quot;unit&quot;:&quot;px&quot;,&quot;size&quot;:&quot;&quot;,&quot;sizes&quot;:{&quot;from&quot;:0,&quot;to&quot;:5}},&quot;ha_floating_fx_translate_duration&quot;:{&quot;unit&quot;:&quot;px&quot;,&quot;size&quot;:1000,&quot;sizes&quot;:[]},&quot;ha_floating_fx_translate_delay&quot;:{&quot;unit&quot;:&quot;px&quot;,&quot;size&quot;:&quot;&quot;,&quot;sizes&quot;:[]},&quot;sticky_on&quot;:[&quot;desktop&quot;,&quot;tablet&quot;,&quot;mobile&quot;],&quot;sticky_offset&quot;:0,&quot;sticky_effects_offset&quot;:0,&quot;sticky_anchor_link_offset&quot;:0}\" data-widget_type=\"image.default\">\n\t\t\t\t<div class=\"elementor-widget-container\">\n\t\t\t\t\t\t\t\t\t\t\t\t\t\t\t<img fetchpriority=\"high\" decoding=\"async\" width=\"300\" height=\"300\" src=\"https:\/\/archipelago-sifnos.gr\/wp-content\/uploads\/2022\/06\/bluesail_3008300.svg\" class=\"attachment-full size-full wp-image-3595\" alt=\"\" \/>\t\t\t\t\t\t\t\t\t\t\t\t\t\t\t<\/div>\n\t\t\t\t<\/div>\n\t\t\t\t<div class=\"elementor-element elementor-element-44b3fde0 elementor-widget elementor-widget-heading\" data-id=\"44b3fde0\" data-element_type=\"widget\" data-e-type=\"widget\" data-widget_type=\"heading.default\">\n\t\t\t\t<div class=\"elementor-widget-container\">\n\t\t\t\t\t<h2 class=\"elementor-heading-title elementor-size-default\">Bienvenus dans l'Archipelago!<\/h2>\t\t\t\t<\/div>\n\t\t\t\t<\/div>\n\t\t\t\t<div class=\"elementor-element elementor-element-57143c6b elementor-widget-divider--view-line elementor-invisible elementor-widget elementor-widget-divider\" data-id=\"57143c6b\" data-element_type=\"widget\" data-e-type=\"widget\" data-settings=\"{&quot;_animation&quot;:&quot;fadeInDown&quot;,&quot;_animation_delay&quot;:3000}\" data-widget_type=\"divider.default\">\n\t\t\t\t<div class=\"elementor-widget-container\">\n\t\t\t\t\t\t\t<div class=\"elementor-divider\">\n\t\t\t<span class=\"elementor-divider-separator\">\n\t\t\t\t\t\t<\/span>\n\t\t<\/div>\n\t\t\t\t\t\t<\/div>\n\t\t\t\t<\/div>\n\t\t\t\t<div class=\"elementor-element elementor-element-4ce41c1e animated-slow elementor-invisible elementor-widget elementor-widget-text-editor\" data-id=\"4ce41c1e\" data-element_type=\"widget\" data-e-type=\"widget\" data-settings=\"{&quot;_animation&quot;:&quot;fadeInUp&quot;,&quot;_animation_delay&quot;:2000}\" data-widget_type=\"text-editor.default\">\n\t\t\t\t<div class=\"elementor-widget-container\">\n\t\t\t\t\t\t\t\t\t<p>Chers invit\u00e9s, nous vous souhaitons la bienvenue \u00e0 Archipelago!<br \/>Vous nous trouverez \u00e0 Vathi, une baie de r\u00eave au sud-ouest de Sifnos, <br \/>o\u00f9 la r\u00e9alit\u00e9 de la vie quotidienne <br \/>s\u2019arr\u00eate au parking et la magie de vos vacances commence.<\/p><p>Etant donn\u00e9 que les voitures ne sont pas permises \u00e0 Vathi, les clients pourront profiter <br \/>de moments sereins \u00e0 la plage, dans les tavernes, se promener et profiter du coucher de soleil magnifique.<\/p><p>L&rsquo;Archipelago est situ\u00e9 \u00e0 10 minutes \u00e0 pied du parking \u00e0 travers la plage et \u00e0 seulement 30 m\u00e8tres de la mer.<br \/Archipelago est un complexe d'h\u00e9bergement petit et raffin\u00e9, situ\u00e9 \u00e0 un lieu privil\u00e9gi\u00e9e,<br \/> avec une vue panoramique imprenable sur la baie de Vathi,<br \/> \u00e0 une distance id\u00e9ale de la mer.<\/p><p>Ici, vous ne passerez pas seulement vos vacances, <br \/>vous les vivrez r\u00e9ellement!<\/p>\t\t\t\t\t\t\t\t<\/div>\n\t\t\t\t<\/div>\n\t\t\t\t<div class=\"elementor-element elementor-element-cfea574 animated-slow elementor-invisible elementor-widget elementor-widget-image\" data-id=\"cfea574\" data-element_type=\"widget\" data-e-type=\"widget\" data-settings=\"{&quot;_animation&quot;:&quot;fadeIn&quot;,&quot;_animation_delay&quot;:1000}\" data-widget_type=\"image.default\">\n\t\t\t\t<div class=\"elementor-widget-container\">\n\t\t\t\t\t\t\t\t\t\t\t\t\t\t\t<img decoding=\"async\" width=\"647\" height=\"300\" src=\"https:\/\/archipelago-sifnos.gr\/wp-content\/uploads\/2022\/06\/Archipelago-logo-footer300h-min.png\" class=\"attachment-full size-full wp-image-3516\" alt=\"\" srcset=\"https:\/\/archipelago-sifnos.gr\/wp-content\/uploads\/2022\/06\/Archipelago-logo-footer300h-min.png 647w, https:\/\/archipelago-sifnos.gr\/wp-content\/uploads\/2022\/06\/Archipelago-logo-footer300h-min-300x139.png 300w, https:\/\/archipelago-sifnos.gr\/wp-content\/uploads\/2022\/06\/Archipelago-logo-footer300h-min-22x10.png 22w, https:\/\/archipelago-sifnos.gr\/wp-content\/uploads\/2022\/06\/Archipelago-logo-footer300h-min-173x80.png 173w, https:\/\/archipelago-sifnos.gr\/wp-content\/uploads\/2022\/06\/Archipelago-logo-footer300h-min-394x183.png 394w\" sizes=\"(max-width: 647px) 100vw, 647px\" \/>\t\t\t\t\t\t\t\t\t\t\t\t\t\t\t<\/div>\n\t\t\t\t<\/div>\n\t\t\t\t\t<\/div>\n\t\t<\/div>\n\t\t\t\t\t<\/div>\n\t\t<\/section>\n\t\t\t\t<section class=\"elementor-section elementor-top-section elementor-element elementor-element-1207b78 elementor-section-full_width elementor-section-height-default elementor-section-height-default\" data-id=\"1207b78\" data-element_type=\"section\" data-e-type=\"section\" data-settings=\"{&quot;_ha_eqh_enable&quot;:false}\">\n\t\t\t\t\t\t<div class=\"elementor-container elementor-column-gap-no\">\n\t\t\t\t\t<div class=\"elementor-column elementor-col-100 elementor-top-column elementor-element elementor-element-a320e9c\" data-id=\"a320e9c\" data-element_type=\"column\" data-e-type=\"column\">\n\t\t\t<div class=\"elementor-widget-wrap elementor-element-populated\">\n\t\t\t\t\t\t<div class=\"elementor-element elementor-element-265d295 elementor-widget elementor-widget-image-carousel\" data-id=\"265d295\" data-element_type=\"widget\" data-e-type=\"widget\" data-settings=\"{&quot;slides_to_show&quot;:&quot;4&quot;,&quot;navigation&quot;:&quot;none&quot;,&quot;slides_to_scroll&quot;:&quot;1&quot;,&quot;autoplay&quot;:&quot;yes&quot;,&quot;pause_on_hover&quot;:&quot;yes&quot;,&quot;pause_on_interaction&quot;:&quot;yes&quot;,&quot;autoplay_speed&quot;:5000,&quot;infinite&quot;:&quot;yes&quot;,&quot;speed&quot;:500}\" data-widget_type=\"image-carousel.default\">\n\t\t\t\t<div class=\"elementor-widget-container\">\n\t\t\t\t\t\t\t<div class=\"elementor-image-carousel-wrapper swiper\" role=\"region\" aria-roledescription=\"carousel\" aria-label=\"Carrousel d\u2019images\" dir=\"ltr\">\n\t\t\t<div class=\"elementor-image-carousel swiper-wrapper swiper-image-stretch\" aria-live=\"off\">\n\t\t\t\t\t\t\t\t<div class=\"swiper-slide\" role=\"group\" aria-roledescription=\"slide\" aria-label=\"1 sur 8\"><figure class=\"swiper-slide-inner\"><img decoding=\"async\" class=\"swiper-slide-image\" src=\"https:\/\/archipelago-sifnos.gr\/wp-content\/uploads\/2022\/07\/Welcome-01-SPANOS_MNS0319-min.jpg\" alt=\"Welcome-01-SPANOS_MNS0319-min\" \/><\/figure><\/div><div class=\"swiper-slide\" role=\"group\" aria-roledescription=\"slide\" aria-label=\"2 sur 8\"><figure class=\"swiper-slide-inner\"><img decoding=\"async\" class=\"swiper-slide-image\" src=\"https:\/\/archipelago-sifnos.gr\/wp-content\/uploads\/2022\/07\/Welcome-02-016-min.jpg\" alt=\"Welcome-02-016-min\" \/><\/figure><\/div><div class=\"swiper-slide\" role=\"group\" aria-roledescription=\"slide\" aria-label=\"3 sur 8\"><figure class=\"swiper-slide-inner\"><img decoding=\"async\" class=\"swiper-slide-image\" src=\"https:\/\/archipelago-sifnos.gr\/wp-content\/uploads\/2022\/07\/020-min.jpg\" alt=\"020-min\" \/><\/figure><\/div><div class=\"swiper-slide\" role=\"group\" aria-roledescription=\"slide\" aria-label=\"4 sur 8\"><figure class=\"swiper-slide-inner\"><img decoding=\"async\" class=\"swiper-slide-image\" src=\"https:\/\/archipelago-sifnos.gr\/wp-content\/uploads\/2022\/07\/Welcome-04-003-2-min.jpg\" alt=\"Welcome-04-003 (2)-min\" \/><\/figure><\/div><div class=\"swiper-slide\" role=\"group\" aria-roledescription=\"slide\" aria-label=\"5 sur 8\"><figure class=\"swiper-slide-inner\"><img decoding=\"async\" class=\"swiper-slide-image\" src=\"https:\/\/archipelago-sifnos.gr\/wp-content\/uploads\/2022\/07\/Welcome-05-114-min.jpg\" alt=\"Welcome-05-114-min\" \/><\/figure><\/div><div class=\"swiper-slide\" role=\"group\" aria-roledescription=\"slide\" aria-label=\"6 sur 8\"><figure class=\"swiper-slide-inner\"><img decoding=\"async\" class=\"swiper-slide-image\" src=\"https:\/\/archipelago-sifnos.gr\/wp-content\/uploads\/2022\/07\/Welcome-06-022-min.jpg\" alt=\"Welcome-06-022-min\" \/><\/figure><\/div><div class=\"swiper-slide\" role=\"group\" aria-roledescription=\"slide\" aria-label=\"7 sur 8\"><figure class=\"swiper-slide-inner\"><img decoding=\"async\" class=\"swiper-slide-image\" src=\"https:\/\/archipelago-sifnos.gr\/wp-content\/uploads\/2022\/07\/Welcome-07-013-2-min.jpg\" alt=\"Welcome-07-013 (2)-min\" \/><\/figure><\/div><div class=\"swiper-slide\" role=\"group\" aria-roledescription=\"slide\" aria-label=\"8 sur 8\"><figure class=\"swiper-slide-inner\"><img decoding=\"async\" class=\"swiper-slide-image\" src=\"https:\/\/archipelago-sifnos.gr\/wp-content\/uploads\/2022\/07\/066-2-min.jpg\" alt=\"066 (2)-min\" \/><\/figure><\/div>\t\t\t<\/div>\n\t\t\t\t\t\t\t\n\t\t\t\t\t\t\t\t\t<\/div>\n\t\t\t\t\t\t<\/div>\n\t\t\t\t<\/div>\n\t\t\t\t\t<\/div>\n\t\t<\/div>\n\t\t\t\t\t<\/div>\n\t\t<\/section>\n\t\t\t\t<\/div>\n\t\t","protected":false},"excerpt":{"rendered":"<p>EN GR FR Bienvenus dans l&rsquo;Archipelago! Chers invit\u00e9s, nous vous souhaitons la bienvenue \u00e0 Archipelago!Vous nous trouverez \u00e0 Vathi, une baie de r\u00eave au sud-ouest de Sifnos, o\u00f9 la r\u00e9alit\u00e9 de la vie quotidienne s\u2019arr\u00eate au parking et la magie &hellip; <a href=\"https:\/\/archipelago-sifnos.gr\/fr\/bienvenus-dans-larchipelago\/\">Read More<\/a><\/p>\n","protected":false},"author":1,"featured_media":3655,"parent":0,"menu_order":0,"comment_status":"closed","ping_status":"closed","template":"elementor_theme","meta":{"footnotes":""},"class_list":["post-4495","page","type-page","status-publish","has-post-thumbnail","hentry"],"yoast_head":"<!-- This site is optimized with the Yoast SEO plugin v27.0 - https:\/\/yoast.com\/product\/yoast-seo-wordpress\/ -->\n<title>Bienvenus dans l&#039;Archipelago! - Archipelago - Sifnos<\/title>\n<meta name=\"description\" content=\"Chers invit\u00e9s, nous vous souhaitons la bienvenue \u00e0 Archipelago! Vous nous trouverez \u00e0 Vathi, une baie de r\u00eave au sud-ouest de Sifnos, o\u00f9 la r\u00e9alit\u00e9 de la vie quotidienne s\u2019arr\u00eate au parking et la...\" \/>\n<meta name=\"robots\" content=\"index, follow, max-snippet:-1, max-image-preview:large, max-video-preview:-1\" \/>\n<link rel=\"canonical\" href=\"https:\/\/archipelago-sifnos.gr\/fr\/bienvenus-dans-larchipelago\/\" \/>\n<meta property=\"og:locale\" content=\"fr_FR\" \/>\n<meta property=\"og:type\" content=\"article\" \/>\n<meta property=\"og:title\" content=\"Bienvenus dans l&#039;Archipelago! - Archipelago - Sifnos\" \/>\n<meta property=\"og:description\" content=\"Chers invit\u00e9s, nous vous souhaitons la bienvenue \u00e0 Archipelago! Vous nous trouverez \u00e0 Vathi, une baie de r\u00eave au sud-ouest de Sifnos, o\u00f9 la r\u00e9alit\u00e9 de la vie quotidienne s\u2019arr\u00eate au parking et la...\" \/>\n<meta property=\"og:url\" content=\"https:\/\/archipelago-sifnos.gr\/fr\/bienvenus-dans-larchipelago\/\" \/>\n<meta property=\"og:site_name\" content=\"Archipelago - Sifnos\" \/>\n<meta property=\"article:modified_time\" content=\"2022-10-03T10:48:40+00:00\" \/>\n<meta property=\"og:image\" content=\"https:\/\/archipelago-sifnos.gr\/wp-content\/uploads\/2022\/07\/HEADER-crops-01-min.png\" \/>\n\t<meta property=\"og:image:width\" content=\"1920\" \/>\n\t<meta property=\"og:image:height\" content=\"758\" \/>\n\t<meta property=\"og:image:type\" content=\"image\/png\" \/>\n<meta name=\"twitter:card\" content=\"summary_large_image\" \/>\n<script type=\"application\/ld+json\" class=\"yoast-schema-graph\">{\"@context\":\"https:\/\/schema.org\",\"@graph\":[{\"@type\":\"WebPage\",\"@id\":\"https:\/\/archipelago-sifnos.gr\/fr\/bienvenus-dans-larchipelago\/\",\"url\":\"https:\/\/archipelago-sifnos.gr\/fr\/bienvenus-dans-larchipelago\/\",\"name\":\"Bienvenus dans l'Archipelago! - Archipelago - Sifnos\",\"isPartOf\":{\"@id\":\"https:\/\/archipelago-sifnos.gr\/fr\/#website\"},\"primaryImageOfPage\":{\"@id\":\"https:\/\/archipelago-sifnos.gr\/fr\/bienvenus-dans-larchipelago\/#primaryimage\"},\"image\":{\"@id\":\"https:\/\/archipelago-sifnos.gr\/fr\/bienvenus-dans-larchipelago\/#primaryimage\"},\"thumbnailUrl\":\"https:\/\/archipelago-sifnos.gr\/wp-content\/uploads\/2022\/07\/HEADER-crops-01-min.png\",\"datePublished\":\"2022-07-06T09:33:50+00:00\",\"dateModified\":\"2022-10-03T10:48:40+00:00\",\"description\":\"Chers invit\u00e9s, nous vous souhaitons la bienvenue \u00e0 Archipelago! Vous nous trouverez \u00e0 Vathi, une baie de r\u00eave au sud-ouest de Sifnos, o\u00f9 la r\u00e9alit\u00e9 de la vie quotidienne s\u2019arr\u00eate au parking et la...\",\"breadcrumb\":{\"@id\":\"https:\/\/archipelago-sifnos.gr\/fr\/bienvenus-dans-larchipelago\/#breadcrumb\"},\"inLanguage\":\"fr-FR\",\"potentialAction\":[{\"@type\":\"ReadAction\",\"target\":[\"https:\/\/archipelago-sifnos.gr\/fr\/bienvenus-dans-larchipelago\/\"]}]},{\"@type\":\"ImageObject\",\"inLanguage\":\"fr-FR\",\"@id\":\"https:\/\/archipelago-sifnos.gr\/fr\/bienvenus-dans-larchipelago\/#primaryimage\",\"url\":\"https:\/\/archipelago-sifnos.gr\/wp-content\/uploads\/2022\/07\/HEADER-crops-01-min.png\",\"contentUrl\":\"https:\/\/archipelago-sifnos.gr\/wp-content\/uploads\/2022\/07\/HEADER-crops-01-min.png\",\"width\":1920,\"height\":758},{\"@type\":\"BreadcrumbList\",\"@id\":\"https:\/\/archipelago-sifnos.gr\/fr\/bienvenus-dans-larchipelago\/#breadcrumb\",\"itemListElement\":[{\"@type\":\"ListItem\",\"position\":1,\"name\":\"\u0391\u03c1\u03c7\u03b9\u03ba\u03ae\",\"item\":\"https:\/\/archipelago-sifnos.gr\/fr\/\"},{\"@type\":\"ListItem\",\"position\":2,\"name\":\"Bienvenus dans l&#8217;Archipelago!\"}]},{\"@type\":\"WebSite\",\"@id\":\"https:\/\/archipelago-sifnos.gr\/fr\/#website\",\"url\":\"https:\/\/archipelago-sifnos.gr\/fr\/\",\"name\":\"Archipelago - Sifnos\",\"description\":\"Just another WordPress site\",\"publisher\":{\"@id\":\"https:\/\/archipelago-sifnos.gr\/fr\/#organization\"},\"potentialAction\":[{\"@type\":\"SearchAction\",\"target\":{\"@type\":\"EntryPoint\",\"urlTemplate\":\"https:\/\/archipelago-sifnos.gr\/fr\/?s={search_term_string}\"},\"query-input\":{\"@type\":\"PropertyValueSpecification\",\"valueRequired\":true,\"valueName\":\"search_term_string\"}}],\"inLanguage\":\"fr-FR\"},{\"@type\":\"Organization\",\"@id\":\"https:\/\/archipelago-sifnos.gr\/fr\/#organization\",\"name\":\"Archipelago - Sifnos\",\"url\":\"https:\/\/archipelago-sifnos.gr\/fr\/\",\"logo\":{\"@type\":\"ImageObject\",\"inLanguage\":\"fr-FR\",\"@id\":\"https:\/\/archipelago-sifnos.gr\/fr\/#\/schema\/logo\/image\/\",\"url\":\"https:\/\/archipelago-sifnos.gr\/wp-content\/uploads\/2022\/06\/a-blue300-min.png\",\"contentUrl\":\"https:\/\/archipelago-sifnos.gr\/wp-content\/uploads\/2022\/06\/a-blue300-min.png\",\"width\":300,\"height\":446,\"caption\":\"Archipelago - Sifnos\"},\"image\":{\"@id\":\"https:\/\/archipelago-sifnos.gr\/fr\/#\/schema\/logo\/image\/\"}}]}<\/script>\n<!-- \/ Yoast SEO plugin. -->","yoast_head_json":{"title":"Bienvenus dans l'Archipelago! - Archipelago - Sifnos","description":"Chers invit\u00e9s, nous vous souhaitons la bienvenue \u00e0 Archipelago! Vous nous trouverez \u00e0 Vathi, une baie de r\u00eave au sud-ouest de Sifnos, o\u00f9 la r\u00e9alit\u00e9 de la vie quotidienne s\u2019arr\u00eate au parking et la...","robots":{"index":"index","follow":"follow","max-snippet":"max-snippet:-1","max-image-preview":"max-image-preview:large","max-video-preview":"max-video-preview:-1"},"canonical":"https:\/\/archipelago-sifnos.gr\/fr\/bienvenus-dans-larchipelago\/","og_locale":"fr_FR","og_type":"article","og_title":"Bienvenus dans l'Archipelago! - Archipelago - Sifnos","og_description":"Chers invit\u00e9s, nous vous souhaitons la bienvenue \u00e0 Archipelago! Vous nous trouverez \u00e0 Vathi, une baie de r\u00eave au sud-ouest de Sifnos, o\u00f9 la r\u00e9alit\u00e9 de la vie quotidienne s\u2019arr\u00eate au parking et la...","og_url":"https:\/\/archipelago-sifnos.gr\/fr\/bienvenus-dans-larchipelago\/","og_site_name":"Archipelago - Sifnos","article_modified_time":"2022-10-03T10:48:40+00:00","og_image":[{"width":1920,"height":758,"url":"https:\/\/archipelago-sifnos.gr\/wp-content\/uploads\/2022\/07\/HEADER-crops-01-min.png","type":"image\/png"}],"twitter_card":"summary_large_image","schema":{"@context":"https:\/\/schema.org","@graph":[{"@type":"WebPage","@id":"https:\/\/archipelago-sifnos.gr\/fr\/bienvenus-dans-larchipelago\/","url":"https:\/\/archipelago-sifnos.gr\/fr\/bienvenus-dans-larchipelago\/","name":"Bienvenus dans l'Archipelago! - Archipelago - Sifnos","isPartOf":{"@id":"https:\/\/archipelago-sifnos.gr\/fr\/#website"},"primaryImageOfPage":{"@id":"https:\/\/archipelago-sifnos.gr\/fr\/bienvenus-dans-larchipelago\/#primaryimage"},"image":{"@id":"https:\/\/archipelago-sifnos.gr\/fr\/bienvenus-dans-larchipelago\/#primaryimage"},"thumbnailUrl":"https:\/\/archipelago-sifnos.gr\/wp-content\/uploads\/2022\/07\/HEADER-crops-01-min.png","datePublished":"2022-07-06T09:33:50+00:00","dateModified":"2022-10-03T10:48:40+00:00","description":"Chers invit\u00e9s, nous vous souhaitons la bienvenue \u00e0 Archipelago! Vous nous trouverez \u00e0 Vathi, une baie de r\u00eave au sud-ouest de Sifnos, o\u00f9 la r\u00e9alit\u00e9 de la vie quotidienne s\u2019arr\u00eate au parking et la...","breadcrumb":{"@id":"https:\/\/archipelago-sifnos.gr\/fr\/bienvenus-dans-larchipelago\/#breadcrumb"},"inLanguage":"fr-FR","potentialAction":[{"@type":"ReadAction","target":["https:\/\/archipelago-sifnos.gr\/fr\/bienvenus-dans-larchipelago\/"]}]},{"@type":"ImageObject","inLanguage":"fr-FR","@id":"https:\/\/archipelago-sifnos.gr\/fr\/bienvenus-dans-larchipelago\/#primaryimage","url":"https:\/\/archipelago-sifnos.gr\/wp-content\/uploads\/2022\/07\/HEADER-crops-01-min.png","contentUrl":"https:\/\/archipelago-sifnos.gr\/wp-content\/uploads\/2022\/07\/HEADER-crops-01-min.png","width":1920,"height":758},{"@type":"BreadcrumbList","@id":"https:\/\/archipelago-sifnos.gr\/fr\/bienvenus-dans-larchipelago\/#breadcrumb","itemListElement":[{"@type":"ListItem","position":1,"name":"\u0391\u03c1\u03c7\u03b9\u03ba\u03ae","item":"https:\/\/archipelago-sifnos.gr\/fr\/"},{"@type":"ListItem","position":2,"name":"Bienvenus dans l&#8217;Archipelago!"}]},{"@type":"WebSite","@id":"https:\/\/archipelago-sifnos.gr\/fr\/#website","url":"https:\/\/archipelago-sifnos.gr\/fr\/","name":"Archipelago - Sifnos","description":"Just another WordPress site","publisher":{"@id":"https:\/\/archipelago-sifnos.gr\/fr\/#organization"},"potentialAction":[{"@type":"SearchAction","target":{"@type":"EntryPoint","urlTemplate":"https:\/\/archipelago-sifnos.gr\/fr\/?s={search_term_string}"},"query-input":{"@type":"PropertyValueSpecification","valueRequired":true,"valueName":"search_term_string"}}],"inLanguage":"fr-FR"},{"@type":"Organization","@id":"https:\/\/archipelago-sifnos.gr\/fr\/#organization","name":"Archipelago - Sifnos","url":"https:\/\/archipelago-sifnos.gr\/fr\/","logo":{"@type":"ImageObject","inLanguage":"fr-FR","@id":"https:\/\/archipelago-sifnos.gr\/fr\/#\/schema\/logo\/image\/","url":"https:\/\/archipelago-sifnos.gr\/wp-content\/uploads\/2022\/06\/a-blue300-min.png","contentUrl":"https:\/\/archipelago-sifnos.gr\/wp-content\/uploads\/2022\/06\/a-blue300-min.png","width":300,"height":446,"caption":"Archipelago - Sifnos"},"image":{"@id":"https:\/\/archipelago-sifnos.gr\/fr\/#\/schema\/logo\/image\/"}}]}},"_links":{"self":[{"href":"https:\/\/archipelago-sifnos.gr\/fr\/wp-json\/wp\/v2\/pages\/4495","targetHints":{"allow":["GET"]}}],"collection":[{"href":"https:\/\/archipelago-sifnos.gr\/fr\/wp-json\/wp\/v2\/pages"}],"about":[{"href":"https:\/\/archipelago-sifnos.gr\/fr\/wp-json\/wp\/v2\/types\/page"}],"author":[{"embeddable":true,"href":"https:\/\/archipelago-sifnos.gr\/fr\/wp-json\/wp\/v2\/users\/1"}],"replies":[{"embeddable":true,"href":"https:\/\/archipelago-sifnos.gr\/fr\/wp-json\/wp\/v2\/comments?post=4495"}],"version-history":[{"count":2,"href":"https:\/\/archipelago-sifnos.gr\/fr\/wp-json\/wp\/v2\/pages\/4495\/revisions"}],"predecessor-version":[{"id":4709,"href":"https:\/\/archipelago-sifnos.gr\/fr\/wp-json\/wp\/v2\/pages\/4495\/revisions\/4709"}],"wp:featuredmedia":[{"embeddable":true,"href":"https:\/\/archipelago-sifnos.gr\/fr\/wp-json\/wp\/v2\/media\/3655"}],"wp:attachment":[{"href":"https:\/\/archipelago-sifnos.gr\/fr\/wp-json\/wp\/v2\/media?parent=4495"}],"curies":[{"name":"wp","href":"https:\/\/api.w.org\/{rel}","templated":true}]}}