{"id":4621,"date":"2022-07-14T17:53:55","date_gmt":"2022-07-14T14:53:55","guid":{"rendered":"https:\/\/archipelago-sifnos.gr\/politique-de-cookies\/"},"modified":"2022-09-20T22:57:43","modified_gmt":"2022-09-20T19:57:43","slug":"politique-de-cookies","status":"publish","type":"page","link":"https:\/\/archipelago-sifnos.gr\/fr\/politique-de-cookies\/","title":{"rendered":"Politique de Cookies"},"content":{"rendered":"\t\t<div data-elementor-type=\"wp-page\" data-elementor-id=\"4621\" class=\"elementor elementor-4621 elementor-2149\" data-elementor-settings=\"{&quot;ha_cmc_init_switcher&quot;:&quot;no&quot;}\" data-elementor-post-type=\"page\">\n\t\t\t\t\t\t<section class=\"elementor-section elementor-top-section elementor-element elementor-element-f21e4b9 elementor-section-boxed elementor-section-height-default elementor-section-height-default\" data-id=\"f21e4b9\" data-element_type=\"section\" data-e-type=\"section\" data-settings=\"{&quot;_ha_eqh_enable&quot;:false}\">\n\t\t\t\t\t\t<div class=\"elementor-container elementor-column-gap-default\">\n\t\t\t\t\t<div class=\"elementor-column elementor-col-100 elementor-top-column elementor-element elementor-element-3f76865\" data-id=\"3f76865\" data-element_type=\"column\" data-e-type=\"column\">\n\t\t\t<div class=\"elementor-widget-wrap elementor-element-populated\">\n\t\t\t\t\t\t<div class=\"elementor-element elementor-element-f1e4c27 elementor-widget elementor-widget-heading\" data-id=\"f1e4c27\" data-element_type=\"widget\" data-e-type=\"widget\" data-widget_type=\"heading.default\">\n\t\t\t\t<div class=\"elementor-widget-container\">\n\t\t\t\t\t<h2 class=\"elementor-heading-title elementor-size-default\">Politique de Cookies <\/h2>\t\t\t\t<\/div>\n\t\t\t\t<\/div>\n\t\t\t\t<div class=\"elementor-element elementor-element-9af6cec elementor-widget elementor-widget-heading\" data-id=\"9af6cec\" data-element_type=\"widget\" data-e-type=\"widget\" data-widget_type=\"heading.default\">\n\t\t\t\t<div class=\"elementor-widget-container\">\n\t\t\t\t\t<h2 class=\"elementor-heading-title elementor-size-default\">Notre site Web utilise des cookies.<\/h2>\t\t\t\t<\/div>\n\t\t\t\t<\/div>\n\t\t\t\t<div class=\"elementor-element elementor-element-0be43d8 elementor-widget elementor-widget-text-editor\" data-id=\"0be43d8\" data-element_type=\"widget\" data-e-type=\"widget\" data-widget_type=\"text-editor.default\">\n\t\t\t\t<div class=\"elementor-widget-container\">\n\t\t\t\t\t\t\t\t\t<p>\u201cArchipelago\u201d respecte une politique stricte de protection de la vie priv\u00e9e des visiteurs du site archipelago-sifnos.gr. Cet avis fournit des informations suppl\u00e9mentaires sur la mani\u00e8re dont nous utilisons les \u00ab cookies \u00bb et d&rsquo;autres outils automatis\u00e9s pour collecter des informations sp\u00e9cifiques sur les visiteurs de notre site Web, telles que le nombre des visites, \u00e0 travers tout type de navigateur et d&rsquo;appareil utilis\u00e9. En collectant ces informations, nous visons \u00e0 mieux adapter notre site Web et nos publicit\u00e9s aux pr\u00e9f\u00e9rences de nos visiteurs.<\/p>\t\t\t\t\t\t\t\t<\/div>\n\t\t\t\t<\/div>\n\t\t\t\t\t<\/div>\n\t\t<\/div>\n\t\t\t\t\t<\/div>\n\t\t<\/section>\n\t\t\t\t<section class=\"elementor-section elementor-top-section elementor-element elementor-element-c05eca2 elementor-section-boxed elementor-section-height-default elementor-section-height-default\" data-id=\"c05eca2\" data-element_type=\"section\" data-e-type=\"section\" data-settings=\"{&quot;_ha_eqh_enable&quot;:false}\">\n\t\t\t\t\t\t<div class=\"elementor-container elementor-column-gap-default\">\n\t\t\t\t\t<div class=\"elementor-column elementor-col-100 elementor-top-column elementor-element elementor-element-9724dbc\" data-id=\"9724dbc\" data-element_type=\"column\" data-e-type=\"column\">\n\t\t\t<div class=\"elementor-widget-wrap elementor-element-populated\">\n\t\t\t\t\t\t<div class=\"elementor-element elementor-element-0e15beb elementor-widget elementor-widget-heading\" data-id=\"0e15beb\" data-element_type=\"widget\" data-e-type=\"widget\" data-widget_type=\"heading.default\">\n\t\t\t\t<div class=\"elementor-widget-container\">\n\t\t\t\t\t<h2 class=\"elementor-heading-title elementor-size-default\">Cookies et autres outils automatis\u00e9s pour collecter des donn\u00e9es<\/h2>\t\t\t\t<\/div>\n\t\t\t\t<\/div>\n\t\t\t\t<div class=\"elementor-element elementor-element-b3c0545 elementor-widget elementor-widget-heading\" data-id=\"b3c0545\" data-element_type=\"widget\" data-e-type=\"widget\" data-widget_type=\"heading.default\">\n\t\t\t\t<div class=\"elementor-widget-container\">\n\t\t\t\t\t<h2 class=\"elementor-heading-title elementor-size-default\">Cookies<\/h2>\t\t\t\t<\/div>\n\t\t\t\t<\/div>\n\t\t\t\t<div class=\"elementor-element elementor-element-7646cf9 elementor-widget elementor-widget-text-editor\" data-id=\"7646cf9\" data-element_type=\"widget\" data-e-type=\"widget\" data-widget_type=\"text-editor.default\">\n\t\t\t\t<div class=\"elementor-widget-container\">\n\t\t\t\t\t\t\t\t\t<p>Les cookies (t\u00e9moins) sont de petits fichiers texte stock\u00e9s sur vos appareils via n&rsquo;importe quel type de serveur, chaque fois que vous visitez un site Web. Nous pouvons utiliser des t\u00e9moins par exemple pour savoir si vous avez d\u00e9j\u00e0 visit\u00e9 notre site Web ou si vous \u00eates un nouveau visiteur, ou pour nous aider \u00e0 d\u00e9tecter les fonctionnalit\u00e9s de notre site Web qui vous int\u00e9ressent le plus. Les t\u00e9moins peuvent am\u00e9liorer votre exp\u00e9rience de navigation en enregistrant vos pr\u00e9f\u00e9rences lorsque vous visitez un certain site Web.<\/p>\t\t\t\t\t\t\t\t<\/div>\n\t\t\t\t<\/div>\n\t\t\t\t<div class=\"elementor-element elementor-element-1e75d61 elementor-widget elementor-widget-heading\" data-id=\"1e75d61\" data-element_type=\"widget\" data-e-type=\"widget\" data-widget_type=\"heading.default\">\n\t\t\t\t<div class=\"elementor-widget-container\">\n\t\t\t\t\t<h2 class=\"elementor-heading-title elementor-size-default\">Balises Web<\/h2>\t\t\t\t<\/div>\n\t\t\t\t<\/div>\n\t\t\t\t<div class=\"elementor-element elementor-element-6f60263 elementor-widget elementor-widget-text-editor\" data-id=\"6f60263\" data-element_type=\"widget\" data-e-type=\"widget\" data-widget_type=\"text-editor.default\">\n\t\t\t\t<div class=\"elementor-widget-container\">\n\t\t\t\t\t\t\t\t\t<p>Une balise web (aussi nomm\u00e9e Internet tag, pixel tag et GIF invisible) est un petit morceau de texte ou d\u2019image invisible sur un site web. Les balises Web sont utilis\u00e9es avec les cookies pour suivre l&rsquo;activit\u00e9 des visiteurs sur les sites Web.<\/p>\t\t\t\t\t\t\t\t<\/div>\n\t\t\t\t<\/div>\n\t\t\t\t<div class=\"elementor-element elementor-element-7cbf42c elementor-widget elementor-widget-heading\" data-id=\"7cbf42c\" data-element_type=\"widget\" data-e-type=\"widget\" data-widget_type=\"heading.default\">\n\t\t\t\t<div class=\"elementor-widget-container\">\n\t\t\t\t\t<h2 class=\"elementor-heading-title elementor-size-default\">Adresses IP et URLs<\/h2>\t\t\t\t<\/div>\n\t\t\t\t<\/div>\n\t\t\t\t<div class=\"elementor-element elementor-element-6134563 elementor-widget elementor-widget-text-editor\" data-id=\"6134563\" data-element_type=\"widget\" data-e-type=\"widget\" data-widget_type=\"text-editor.default\">\n\t\t\t\t<div class=\"elementor-widget-container\">\n\t\t\t\t\t\t\t\t\t<p>L&rsquo;adresse IP est un localisateur unique utilis\u00e9 par certains appareils \u00e9lectroniques permettant de les d\u00e9tecter et de communiquer avec d&rsquo;autres appareils sur Internet. Lorsque vous visitez nos pages Web, nous pouvons voir l&rsquo;adresse IP de l&rsquo;appareil que vous utilisez pour vous connecter \u00e0 Internet. Nous utilisons ces informations pour suivre l&#8217;emplacement g\u00e9ographique g\u00e9n\u00e9ral de votre appareil et pour savoir de quelle zone g\u00e9ographique viennent nos visiteurs. Nous pouvons utiliser ces informations pour modifier la mise en page de notre site Web en vue d&rsquo;am\u00e9liorer votre exp\u00e9rience.<\/p><p>L&rsquo;URL (Uniform Resource Locator) est un identifiant unique ou une adresse permettant de localiser une ressource sur Internet, en fait l&rsquo;adresse Web que vous visitez. Nous pouvons utiliser ces informations pour voir quelles pages Web sont les plus visit\u00e9es, ainsi que la fa\u00e7on dont vous naviguez sur notre site Web.<\/p>\t\t\t\t\t\t\t\t<\/div>\n\t\t\t\t<\/div>\n\t\t\t\t\t<\/div>\n\t\t<\/div>\n\t\t\t\t\t<\/div>\n\t\t<\/section>\n\t\t\t\t<section class=\"elementor-section elementor-top-section elementor-element elementor-element-56f0e29 elementor-section-boxed elementor-section-height-default elementor-section-height-default\" data-id=\"56f0e29\" data-element_type=\"section\" data-e-type=\"section\" data-settings=\"{&quot;_ha_eqh_enable&quot;:false}\">\n\t\t\t\t\t\t<div class=\"elementor-container elementor-column-gap-default\">\n\t\t\t\t\t<div class=\"elementor-column elementor-col-100 elementor-top-column elementor-element elementor-element-a6db831\" data-id=\"a6db831\" data-element_type=\"column\" data-e-type=\"column\">\n\t\t\t<div class=\"elementor-widget-wrap elementor-element-populated\">\n\t\t\t\t\t\t<div class=\"elementor-element elementor-element-00794be elementor-widget elementor-widget-heading\" data-id=\"00794be\" data-element_type=\"widget\" data-e-type=\"widget\" data-widget_type=\"heading.default\">\n\t\t\t\t<div class=\"elementor-widget-container\">\n\t\t\t\t\t<h2 class=\"elementor-heading-title elementor-size-default\">Les types de cookies que nous utilisons<\/h2>\t\t\t\t<\/div>\n\t\t\t\t<\/div>\n\t\t\t\t<div class=\"elementor-element elementor-element-07e09f3 elementor-widget elementor-widget-text-editor\" data-id=\"07e09f3\" data-element_type=\"widget\" data-e-type=\"widget\" data-widget_type=\"text-editor.default\">\n\t\t\t\t<div class=\"elementor-widget-container\">\n\t\t\t\t\t\t\t\t\t<p>Notre site utilise les cookies suivants:<\/p>\t\t\t\t\t\t\t\t<\/div>\n\t\t\t\t<\/div>\n\t\t\t\t<div class=\"elementor-element elementor-element-6903761 elementor-widget elementor-widget-heading\" data-id=\"6903761\" data-element_type=\"widget\" data-e-type=\"widget\" data-widget_type=\"heading.default\">\n\t\t\t\t<div class=\"elementor-widget-container\">\n\t\t\t\t\t<h2 class=\"elementor-heading-title elementor-size-default\">Cookies strictement n\u00e9cessaires<\/h2>\t\t\t\t<\/div>\n\t\t\t\t<\/div>\n\t\t\t\t<div class=\"elementor-element elementor-element-6c0909b elementor-widget elementor-widget-text-editor\" data-id=\"6c0909b\" data-element_type=\"widget\" data-e-type=\"widget\" data-widget_type=\"text-editor.default\">\n\t\t\t\t<div class=\"elementor-widget-container\">\n\t\t\t\t\t\t\t\t\t<p>Ces cookies sont n\u00e9cessaires au fonctionnement du site Web et vous permettent de naviguer et d&rsquo;utiliser ses fonctionnalit\u00e9s, telles que l&rsquo;acc\u00e8s aux zones s\u00e9curis\u00e9es, aux formulaires d&rsquo;inscription, aux pr\u00e9f\u00e9rences et aux paniers d&rsquo;achat, ou sont l\u00e0 pour des raisons de s\u00e9curit\u00e9. Ces cookies ne suivent pas votre identifiant. Sans ces cookies, notre site Web ne peut pas fonctionner efficacement.<\/p>\t\t\t\t\t\t\t\t<\/div>\n\t\t\t\t<\/div>\n\t\t\t\t<div class=\"elementor-element elementor-element-539534a elementor-widget elementor-widget-heading\" data-id=\"539534a\" data-element_type=\"widget\" data-e-type=\"widget\" data-widget_type=\"heading.default\">\n\t\t\t\t<div class=\"elementor-widget-container\">\n\t\t\t\t\t<h2 class=\"elementor-heading-title elementor-size-default\">Cookies de performance et analytiques <\/h2>\t\t\t\t<\/div>\n\t\t\t\t<\/div>\n\t\t\t\t<div class=\"elementor-element elementor-element-64d9e94 elementor-widget elementor-widget-text-editor\" data-id=\"64d9e94\" data-element_type=\"widget\" data-e-type=\"widget\" data-widget_type=\"text-editor.default\">\n\t\t\t\t<div class=\"elementor-widget-container\">\n\t\t\t\t\t\t\t\t\t<p>Ces cookies collectent des informations sur la fa\u00e7on dont les visiteurs utilisent le site Web, les pages qu&rsquo;ils visitent le plus et s&rsquo;ils re\u00e7oivent des messages d&rsquo;erreur des pages Web. Ces cookies collectent des informations d\u00e9taill\u00e9es  et anonymes qui ne sont li\u00e9es \u00e0 aucun visiteur. Ils sont utilis\u00e9s exclusivement pour am\u00e9liorer les performances d&rsquo;un site Web et ils nous permettent de collecter des informations sur votre utilisation de notre site Web, y compris le contenu que vous choisissez lorsque vous naviguez sur nos pages Web, afin de mesurer l&rsquo;efficacit\u00e9 du site Web et l&rsquo;interaction des utilisateurs, ainsi que pour am\u00e9liorer notre site Web au fil du temps. Ces cookies peuvent nous \u00eatre fournis par des tiers\/fournisseurs d&rsquo;outils d&rsquo;analyse, mais ne peuvent \u00eatre utilis\u00e9s qu&rsquo;\u00e0 des fins li\u00e9es \u00e0 notre site Web.<\/p><p>Par example:  <a href=\"https:\/\/developers.google.com\/analytics\/devguides\/collection\/analyticsjs.\" target=\"_blank\" rel=\"noopener\">https:\/\/developers.google.com\/analytics\/devguides\/collection\/analyticsjs.<\/a><\/p>\t\t\t\t\t\t\t\t<\/div>\n\t\t\t\t<\/div>\n\t\t\t\t<div class=\"elementor-element elementor-element-6391fa2 elementor-widget elementor-widget-heading\" data-id=\"6391fa2\" data-element_type=\"widget\" data-e-type=\"widget\" data-widget_type=\"heading.default\">\n\t\t\t\t<div class=\"elementor-widget-container\">\n\t\t\t\t\t<h2 class=\"elementor-heading-title elementor-size-default\">Cookies pour une publicit\u00e9 cibl\u00e9e<\/h2>\t\t\t\t<\/div>\n\t\t\t\t<\/div>\n\t\t\t\t<div class=\"elementor-element elementor-element-9e70c74 elementor-widget elementor-widget-text-editor\" data-id=\"9e70c74\" data-element_type=\"widget\" data-e-type=\"widget\" data-widget_type=\"text-editor.default\">\n\t\t\t\t<div class=\"elementor-widget-container\">\n\t\t\t\t\t\t\t\t\t<p>Nous utilisons ces cookies pour vous offrir du contenu mieux adapt\u00e9 \u00e0 vos int\u00e9r\u00eats. Ils peuvent \u00eatre utilis\u00e9s pour envoyer des publicit\u00e9s\/promotions cibl\u00e9es, limiter les publicit\u00e9s ou mesurer l&rsquo;efficacit\u00e9 d&rsquo;une campagne publicitaire. Ces cookies peuvent \u00eatre \u00e9galement utilis\u00e9s pour m\u00e9moriser les sites Web que vous avez visit\u00e9s et nous aider ainsi \u00e0 comprendre quels canaux de marketing sont les plus efficaces. Cela nous permettra \u00e0 son tour de r\u00e9compenser les sites Web externes et les associ\u00e9s qui vous ont transmis \u00e0 nous.<\/p>\t\t\t\t\t\t\t\t<\/div>\n\t\t\t\t<\/div>\n\t\t\t\t\t<\/div>\n\t\t<\/div>\n\t\t\t\t\t<\/div>\n\t\t<\/section>\n\t\t\t\t<section class=\"elementor-section elementor-top-section elementor-element elementor-element-273e5f7 elementor-section-boxed elementor-section-height-default elementor-section-height-default\" data-id=\"273e5f7\" data-element_type=\"section\" data-e-type=\"section\" data-settings=\"{&quot;_ha_eqh_enable&quot;:false}\">\n\t\t\t\t\t\t<div class=\"elementor-container elementor-column-gap-default\">\n\t\t\t\t\t<div class=\"elementor-column elementor-col-100 elementor-top-column elementor-element elementor-element-1880174\" data-id=\"1880174\" data-element_type=\"column\" data-e-type=\"column\">\n\t\t\t<div class=\"elementor-widget-wrap elementor-element-populated\">\n\t\t\t\t\t\t<div class=\"elementor-element elementor-element-58a4b4c elementor-widget elementor-widget-heading\" data-id=\"58a4b4c\" data-element_type=\"widget\" data-e-type=\"widget\" data-widget_type=\"heading.default\">\n\t\t\t\t<div class=\"elementor-widget-container\">\n\t\t\t\t\t<h2 class=\"elementor-heading-title elementor-size-default\">Comment d\u00e9sactiver les cookies<\/h2>\t\t\t\t<\/div>\n\t\t\t\t<\/div>\n\t\t\t\t<div class=\"elementor-element elementor-element-dd08b13 elementor-widget elementor-widget-text-editor\" data-id=\"dd08b13\" data-element_type=\"widget\" data-e-type=\"widget\" data-widget_type=\"text-editor.default\">\n\t\t\t\t<div class=\"elementor-widget-container\">\n\t\t\t\t\t\t\t\t\t<p>Vous pouvez \u00e9liminer, bloquer ou d\u00e9sactiver les cookies \u00e0 tout moment, en modifiant la configuration de votre navigateur. Vous trouverez ci-dessous de plus amples renseignements concernant la fa\u00e7on dont vous pouvez g\u00e9rer l\u2019utilisation des cookies en fonction du navigateur que vous utilisez.<\/p><p>Internet Explorer <a href=\"http:\/\/support.microsoft.com\/kb\/278835\" target=\"_blank\" rel=\"noopener\">http:\/\/support.microsoft.com\/kb\/278835<\/a><\/p><p>Firefox <a href=\"http:\/\/support.mozilla.org\/en-US\/kb\/delete-cookies-remove-info-websites-stored\" target=\"_blank\" rel=\"noopener\">http:\/\/support.mozilla.org\/en-US\/kb\/delete-cookies-remove-info-websites-stored<\/a><\/p><p>Chrome <a href=\"http:\/\/support.google.com\/accounts\/answer\/61416?hl=en\" target=\"_blank\" rel=\"noopener\">http:\/\/support.google.com\/accounts\/answer\/61416?hl=en<\/a><\/p><p>Opera <a href=\"http:\/\/www.opera.com\/browser\/tutorials\/security\/privacy\/\" target=\"_blank\" rel=\"noopener\">http:\/\/www.opera.com\/browser\/tutorials\/security\/privacy\/<\/a><\/p><p>Safari <a href=\"http:\/\/support.apple.com\/kb\/PH5042\" target=\"_blank\" rel=\"noopener\">http:\/\/support.apple.com\/kb\/PH5042<\/a><\/p><p>Safari for iPad and iPhone <a href=\"http:\/\/support.apple.com\/kb\/HT1677\" target=\"_blank\" rel=\"noopener\">http:\/\/support.apple.com\/kb\/HT1677<\/a><\/p>\t\t\t\t\t\t\t\t<\/div>\n\t\t\t\t<\/div>\n\t\t\t\t<div class=\"elementor-element elementor-element-c44a1e2 elementor-widget elementor-widget-text-editor\" data-id=\"c44a1e2\" data-element_type=\"widget\" data-e-type=\"widget\" data-widget_type=\"text-editor.default\">\n\t\t\t\t<div class=\"elementor-widget-container\">\n\t\t\t\t\t\t\t\t\t<p>Derni\u00e8re mis \u00e0 jour de la Politique de Cookies: Septembre 2022<\/p>\t\t\t\t\t\t\t\t<\/div>\n\t\t\t\t<\/div>\n\t\t\t\t\t<\/div>\n\t\t<\/div>\n\t\t\t\t\t<\/div>\n\t\t<\/section>\n\t\t\t\t<\/div>\n\t\t","protected":false},"excerpt":{"rendered":"<p>Politique de Cookies Notre site Web utilise des cookies. \u201cArchipelago\u201d respecte une politique stricte de protection de la vie priv\u00e9e des visiteurs du site archipelago-sifnos.gr. Cet avis fournit des informations suppl\u00e9mentaires sur la mani\u00e8re dont nous utilisons les \u00ab cookies &hellip; <a href=\"https:\/\/archipelago-sifnos.gr\/fr\/politique-de-cookies\/\">Read More<\/a><\/p>\n","protected":false},"author":1,"featured_media":0,"parent":0,"menu_order":0,"comment_status":"closed","ping_status":"closed","template":"","meta":{"footnotes":""},"class_list":["post-4621","page","type-page","status-publish","hentry"],"yoast_head":"<!-- This site is optimized with the Yoast SEO plugin v27.0 - https:\/\/yoast.com\/product\/yoast-seo-wordpress\/ -->\n<title>Politique de Cookies - Archipelago - Sifnos<\/title>\n<meta name=\"robots\" content=\"index, follow, max-snippet:-1, max-image-preview:large, max-video-preview:-1\" \/>\n<link rel=\"canonical\" href=\"https:\/\/archipelago-sifnos.gr\/fr\/politique-de-cookies\/\" \/>\n<meta property=\"og:locale\" content=\"fr_FR\" \/>\n<meta property=\"og:type\" content=\"article\" \/>\n<meta property=\"og:title\" content=\"Politique de Cookies - Archipelago - Sifnos\" \/>\n<meta property=\"og:description\" content=\"Politique de Cookies Notre site Web utilise des cookies. \u201cArchipelago\u201d respecte une politique stricte de protection de la vie priv\u00e9e des visiteurs du site archipelago-sifnos.gr. Cet avis fournit des informations suppl\u00e9mentaires sur la mani\u00e8re dont nous utilisons les \u00ab cookies &hellip; Read More\" \/>\n<meta property=\"og:url\" content=\"https:\/\/archipelago-sifnos.gr\/fr\/politique-de-cookies\/\" \/>\n<meta property=\"og:site_name\" content=\"Archipelago - Sifnos\" \/>\n<meta property=\"article:modified_time\" content=\"2022-09-20T19:57:43+00:00\" \/>\n<meta name=\"twitter:card\" content=\"summary_large_image\" \/>\n<meta name=\"twitter:label1\" content=\"Dur\u00e9e de lecture estim\u00e9e\" \/>\n\t<meta name=\"twitter:data1\" content=\"4 minutes\" \/>\n<script type=\"application\/ld+json\" class=\"yoast-schema-graph\">{\"@context\":\"https:\/\/schema.org\",\"@graph\":[{\"@type\":\"WebPage\",\"@id\":\"https:\/\/archipelago-sifnos.gr\/fr\/politique-de-cookies\/\",\"url\":\"https:\/\/archipelago-sifnos.gr\/fr\/politique-de-cookies\/\",\"name\":\"Politique de Cookies - Archipelago - Sifnos\",\"isPartOf\":{\"@id\":\"https:\/\/archipelago-sifnos.gr\/fr\/#website\"},\"datePublished\":\"2022-07-14T14:53:55+00:00\",\"dateModified\":\"2022-09-20T19:57:43+00:00\",\"breadcrumb\":{\"@id\":\"https:\/\/archipelago-sifnos.gr\/fr\/politique-de-cookies\/#breadcrumb\"},\"inLanguage\":\"fr-FR\",\"potentialAction\":[{\"@type\":\"ReadAction\",\"target\":[\"https:\/\/archipelago-sifnos.gr\/fr\/politique-de-cookies\/\"]}]},{\"@type\":\"BreadcrumbList\",\"@id\":\"https:\/\/archipelago-sifnos.gr\/fr\/politique-de-cookies\/#breadcrumb\",\"itemListElement\":[{\"@type\":\"ListItem\",\"position\":1,\"name\":\"\u0391\u03c1\u03c7\u03b9\u03ba\u03ae\",\"item\":\"https:\/\/archipelago-sifnos.gr\/fr\/\"},{\"@type\":\"ListItem\",\"position\":2,\"name\":\"Politique de Cookies\"}]},{\"@type\":\"WebSite\",\"@id\":\"https:\/\/archipelago-sifnos.gr\/fr\/#website\",\"url\":\"https:\/\/archipelago-sifnos.gr\/fr\/\",\"name\":\"Archipelago - Sifnos\",\"description\":\"Just another WordPress site\",\"publisher\":{\"@id\":\"https:\/\/archipelago-sifnos.gr\/fr\/#organization\"},\"potentialAction\":[{\"@type\":\"SearchAction\",\"target\":{\"@type\":\"EntryPoint\",\"urlTemplate\":\"https:\/\/archipelago-sifnos.gr\/fr\/?s={search_term_string}\"},\"query-input\":{\"@type\":\"PropertyValueSpecification\",\"valueRequired\":true,\"valueName\":\"search_term_string\"}}],\"inLanguage\":\"fr-FR\"},{\"@type\":\"Organization\",\"@id\":\"https:\/\/archipelago-sifnos.gr\/fr\/#organization\",\"name\":\"Archipelago - Sifnos\",\"url\":\"https:\/\/archipelago-sifnos.gr\/fr\/\",\"logo\":{\"@type\":\"ImageObject\",\"inLanguage\":\"fr-FR\",\"@id\":\"https:\/\/archipelago-sifnos.gr\/fr\/#\/schema\/logo\/image\/\",\"url\":\"https:\/\/archipelago-sifnos.gr\/wp-content\/uploads\/2022\/06\/a-blue300-min.png\",\"contentUrl\":\"https:\/\/archipelago-sifnos.gr\/wp-content\/uploads\/2022\/06\/a-blue300-min.png\",\"width\":300,\"height\":446,\"caption\":\"Archipelago - Sifnos\"},\"image\":{\"@id\":\"https:\/\/archipelago-sifnos.gr\/fr\/#\/schema\/logo\/image\/\"}}]}<\/script>\n<!-- \/ Yoast SEO plugin. -->","yoast_head_json":{"title":"Politique de Cookies - Archipelago - Sifnos","robots":{"index":"index","follow":"follow","max-snippet":"max-snippet:-1","max-image-preview":"max-image-preview:large","max-video-preview":"max-video-preview:-1"},"canonical":"https:\/\/archipelago-sifnos.gr\/fr\/politique-de-cookies\/","og_locale":"fr_FR","og_type":"article","og_title":"Politique de Cookies - Archipelago - Sifnos","og_description":"Politique de Cookies Notre site Web utilise des cookies. \u201cArchipelago\u201d respecte une politique stricte de protection de la vie priv\u00e9e des visiteurs du site archipelago-sifnos.gr. Cet avis fournit des informations suppl\u00e9mentaires sur la mani\u00e8re dont nous utilisons les \u00ab cookies &hellip; Read More","og_url":"https:\/\/archipelago-sifnos.gr\/fr\/politique-de-cookies\/","og_site_name":"Archipelago - Sifnos","article_modified_time":"2022-09-20T19:57:43+00:00","twitter_card":"summary_large_image","twitter_misc":{"Dur\u00e9e de lecture estim\u00e9e":"4 minutes"},"schema":{"@context":"https:\/\/schema.org","@graph":[{"@type":"WebPage","@id":"https:\/\/archipelago-sifnos.gr\/fr\/politique-de-cookies\/","url":"https:\/\/archipelago-sifnos.gr\/fr\/politique-de-cookies\/","name":"Politique de Cookies - Archipelago - Sifnos","isPartOf":{"@id":"https:\/\/archipelago-sifnos.gr\/fr\/#website"},"datePublished":"2022-07-14T14:53:55+00:00","dateModified":"2022-09-20T19:57:43+00:00","breadcrumb":{"@id":"https:\/\/archipelago-sifnos.gr\/fr\/politique-de-cookies\/#breadcrumb"},"inLanguage":"fr-FR","potentialAction":[{"@type":"ReadAction","target":["https:\/\/archipelago-sifnos.gr\/fr\/politique-de-cookies\/"]}]},{"@type":"BreadcrumbList","@id":"https:\/\/archipelago-sifnos.gr\/fr\/politique-de-cookies\/#breadcrumb","itemListElement":[{"@type":"ListItem","position":1,"name":"\u0391\u03c1\u03c7\u03b9\u03ba\u03ae","item":"https:\/\/archipelago-sifnos.gr\/fr\/"},{"@type":"ListItem","position":2,"name":"Politique de Cookies"}]},{"@type":"WebSite","@id":"https:\/\/archipelago-sifnos.gr\/fr\/#website","url":"https:\/\/archipelago-sifnos.gr\/fr\/","name":"Archipelago - Sifnos","description":"Just another WordPress site","publisher":{"@id":"https:\/\/archipelago-sifnos.gr\/fr\/#organization"},"potentialAction":[{"@type":"SearchAction","target":{"@type":"EntryPoint","urlTemplate":"https:\/\/archipelago-sifnos.gr\/fr\/?s={search_term_string}"},"query-input":{"@type":"PropertyValueSpecification","valueRequired":true,"valueName":"search_term_string"}}],"inLanguage":"fr-FR"},{"@type":"Organization","@id":"https:\/\/archipelago-sifnos.gr\/fr\/#organization","name":"Archipelago - Sifnos","url":"https:\/\/archipelago-sifnos.gr\/fr\/","logo":{"@type":"ImageObject","inLanguage":"fr-FR","@id":"https:\/\/archipelago-sifnos.gr\/fr\/#\/schema\/logo\/image\/","url":"https:\/\/archipelago-sifnos.gr\/wp-content\/uploads\/2022\/06\/a-blue300-min.png","contentUrl":"https:\/\/archipelago-sifnos.gr\/wp-content\/uploads\/2022\/06\/a-blue300-min.png","width":300,"height":446,"caption":"Archipelago - Sifnos"},"image":{"@id":"https:\/\/archipelago-sifnos.gr\/fr\/#\/schema\/logo\/image\/"}}]}},"_links":{"self":[{"href":"https:\/\/archipelago-sifnos.gr\/fr\/wp-json\/wp\/v2\/pages\/4621","targetHints":{"allow":["GET"]}}],"collection":[{"href":"https:\/\/archipelago-sifnos.gr\/fr\/wp-json\/wp\/v2\/pages"}],"about":[{"href":"https:\/\/archipelago-sifnos.gr\/fr\/wp-json\/wp\/v2\/types\/page"}],"author":[{"embeddable":true,"href":"https:\/\/archipelago-sifnos.gr\/fr\/wp-json\/wp\/v2\/users\/1"}],"replies":[{"embeddable":true,"href":"https:\/\/archipelago-sifnos.gr\/fr\/wp-json\/wp\/v2\/comments?post=4621"}],"version-history":[{"count":2,"href":"https:\/\/archipelago-sifnos.gr\/fr\/wp-json\/wp\/v2\/pages\/4621\/revisions"}],"predecessor-version":[{"id":4694,"href":"https:\/\/archipelago-sifnos.gr\/fr\/wp-json\/wp\/v2\/pages\/4621\/revisions\/4694"}],"wp:attachment":[{"href":"https:\/\/archipelago-sifnos.gr\/fr\/wp-json\/wp\/v2\/media?parent=4621"}],"curies":[{"name":"wp","href":"https:\/\/api.w.org\/{rel}","templated":true}]}}