{"id":4625,"date":"2022-09-06T22:50:27","date_gmt":"2022-09-06T19:50:27","guid":{"rendered":"https:\/\/archipelago-sifnos.gr\/conditions-generales-dutilisation\/"},"modified":"2022-09-20T22:57:52","modified_gmt":"2022-09-20T19:57:52","slug":"conditions-generales-dutilisation","status":"publish","type":"page","link":"https:\/\/archipelago-sifnos.gr\/fr\/conditions-generales-dutilisation\/","title":{"rendered":"Conditions g\u00e9n\u00e9rales d\u2019utilisation"},"content":{"rendered":"\t\t<div data-elementor-type=\"wp-page\" data-elementor-id=\"4625\" class=\"elementor elementor-4625 elementor-4102\" data-elementor-settings=\"{&quot;ha_cmc_init_switcher&quot;:&quot;no&quot;}\" data-elementor-post-type=\"page\">\n\t\t\t\t\t\t<section class=\"elementor-section elementor-top-section elementor-element elementor-element-f21e4b9 elementor-section-boxed elementor-section-height-default elementor-section-height-default\" data-id=\"f21e4b9\" data-element_type=\"section\" data-e-type=\"section\" data-settings=\"{&quot;_ha_eqh_enable&quot;:false}\">\n\t\t\t\t\t\t<div class=\"elementor-container elementor-column-gap-default\">\n\t\t\t\t\t<div class=\"elementor-column elementor-col-100 elementor-top-column elementor-element elementor-element-3f76865\" data-id=\"3f76865\" data-element_type=\"column\" data-e-type=\"column\">\n\t\t\t<div class=\"elementor-widget-wrap elementor-element-populated\">\n\t\t\t\t\t\t<div class=\"elementor-element elementor-element-f1e4c27 elementor-widget elementor-widget-heading\" data-id=\"f1e4c27\" data-element_type=\"widget\" data-e-type=\"widget\" data-widget_type=\"heading.default\">\n\t\t\t\t<div class=\"elementor-widget-container\">\n\t\t\t\t\t<h2 class=\"elementor-heading-title elementor-size-default\">Conditions g\u00e9n\u00e9rales d\u2019utilisation<\/h2>\t\t\t\t<\/div>\n\t\t\t\t<\/div>\n\t\t\t\t<div class=\"elementor-element elementor-element-0be43d8 elementor-widget elementor-widget-text-editor\" data-id=\"0be43d8\" data-element_type=\"widget\" data-e-type=\"widget\" data-widget_type=\"text-editor.default\">\n\t\t\t\t<div class=\"elementor-widget-container\">\n\t\t\t\t\t\t\t\t\t<p>En utilisant les pages et les services du site, vous consentez aux conditions de service suivantes, applicables \u00e0 tout le contenu, les pages, les graphiques, les images, les photos et les fichiers inclus dans archipelago-sifnos.gr. Par cons\u00e9quent, vous devez lire attentivement ces conditions avant de visiter ou d&rsquo;utiliser les pages et les services de archipelago-sifnos.gr. Dans le cas o\u00f9 vous n&rsquo;acceptez pas les termes, vous devez vous abstenir d&rsquo;utiliser les services et le contenu d\u2019archipelago-sifnos.gr. Vous \u00eates pri\u00e9s de consulter r\u00e9guli\u00e8rement le contenu des pages concern\u00e9es pour tout changement. En utilisant le site archipelago-sifnos.gr, m\u00eame apr\u00e8s des modifications, vous acceptez ces conditions sans r\u00e9serve.<\/p>\t\t\t\t\t\t\t\t<\/div>\n\t\t\t\t<\/div>\n\t\t\t\t\t<\/div>\n\t\t<\/div>\n\t\t\t\t\t<\/div>\n\t\t<\/section>\n\t\t\t\t<section class=\"elementor-section elementor-top-section elementor-element elementor-element-c05eca2 elementor-section-boxed elementor-section-height-default elementor-section-height-default\" data-id=\"c05eca2\" data-element_type=\"section\" data-e-type=\"section\" data-settings=\"{&quot;_ha_eqh_enable&quot;:false}\">\n\t\t\t\t\t\t<div class=\"elementor-container elementor-column-gap-default\">\n\t\t\t\t\t<div class=\"elementor-column elementor-col-100 elementor-top-column elementor-element elementor-element-9724dbc\" data-id=\"9724dbc\" data-element_type=\"column\" data-e-type=\"column\">\n\t\t\t<div class=\"elementor-widget-wrap elementor-element-populated\">\n\t\t\t\t\t\t<div class=\"elementor-element elementor-element-0e15beb elementor-widget elementor-widget-heading\" data-id=\"0e15beb\" data-element_type=\"widget\" data-e-type=\"widget\" data-widget_type=\"heading.default\">\n\t\t\t\t<div class=\"elementor-widget-container\">\n\t\t\t\t\t<h2 class=\"elementor-heading-title elementor-size-default\">Propri\u00e9t\u00e9 intellectuelle et industrielle<\/h2>\t\t\t\t<\/div>\n\t\t\t\t<\/div>\n\t\t\t\t<div class=\"elementor-element elementor-element-7646cf9 elementor-widget elementor-widget-text-editor\" data-id=\"7646cf9\" data-element_type=\"widget\" data-e-type=\"widget\" data-widget_type=\"text-editor.default\">\n\t\t\t\t<div class=\"elementor-widget-container\">\n\t\t\t\t\t\t\t\t\t<p>Sauf indication expresse contraire (droit d&rsquo;auteur de tiers, associ\u00e9s et agences), tout le contenu de archipelago-sifnos.gr, y compris les images, graphiques, photos, dessins, textes, services et tous les fichiers en g\u00e9n\u00e9ral sur ce site sont la propri\u00e9t\u00e9 intellectuelle, les marques d\u00e9pos\u00e9es et les marques de service de archipelago-sifnos.gr, prot\u00e9g\u00e9es par les dispositions pertinentes des lois grecques, du droit de l&rsquo;UE et des conventions internationales. Par cons\u00e9quent, aucune partie de ces contenus ne peut \u00eatre copi\u00e9e, modifi\u00e9e, reproduite, republi\u00e9e, recharg\u00e9e, diffus\u00e9e ou distribu\u00e9e de quelque mani\u00e8re que ce soit.<\/p><p>Cela exclut le stockage individuel d&rsquo;une seule copie d&rsquo;une partie du contenu sur un ordinateur personnel pour un usage priv\u00e9, \u00e0 l&rsquo;exclusion de tout usage public ou commercial, sans supprimer en aucun cas l&rsquo;\u00e9tiquette d&rsquo;origine d\u2019archipelago-sifnos.gr et sans compromettre les droits d&rsquo;auteur et de propri\u00e9t\u00e9 industrielle pertinents.<\/p><p>Tous les autres produits ou services apparaissant sur les pages Web de ce site qui portent les marques d&rsquo;autres organisations, soci\u00e9t\u00e9s, soci\u00e9t\u00e9s affili\u00e9es, associations ou publications sont leur propre propri\u00e9t\u00e9 intellectuelle et industrielle, et leur protection leur appartient.<\/p>\t\t\t\t\t\t\t\t<\/div>\n\t\t\t\t<\/div>\n\t\t\t\t<div class=\"elementor-element elementor-element-1e75d61 elementor-widget elementor-widget-heading\" data-id=\"1e75d61\" data-element_type=\"widget\" data-e-type=\"widget\" data-widget_type=\"heading.default\">\n\t\t\t\t<div class=\"elementor-widget-container\">\n\t\t\t\t\t<h2 class=\"elementor-heading-title elementor-size-default\">Responsabilit\u00e9 de l\u2019utilisateur<\/h2>\t\t\t\t<\/div>\n\t\t\t\t<\/div>\n\t\t\t\t<div class=\"elementor-element elementor-element-6f60263 elementor-widget elementor-widget-text-editor\" data-id=\"6f60263\" data-element_type=\"widget\" data-e-type=\"widget\" data-widget_type=\"text-editor.default\">\n\t\t\t\t<div class=\"elementor-widget-container\">\n\t\t\t\t\t\t\t\t\t<p>L&rsquo;utilisateur\/visiteur d\u2019archipelago-sifnos.gr sera tenu responsable de tout dommage subi par archipelago-sifnos.gr par une mauvaise utilisation ou une utilisation non autoris\u00e9e des services concern\u00e9s.<\/p>\t\t\t\t\t\t\t\t<\/div>\n\t\t\t\t<\/div>\n\t\t\t\t<div class=\"elementor-element elementor-element-7cbf42c elementor-widget elementor-widget-heading\" data-id=\"7cbf42c\" data-element_type=\"widget\" data-e-type=\"widget\" data-widget_type=\"heading.default\">\n\t\t\t\t<div class=\"elementor-widget-container\">\n\t\t\t\t\t<h2 class=\"elementor-heading-title elementor-size-default\">Clause de non-responsabilit\u00e9 <\/h2>\t\t\t\t<\/div>\n\t\t\t\t<\/div>\n\t\t\t\t<div class=\"elementor-element elementor-element-6134563 elementor-widget elementor-widget-text-editor\" data-id=\"6134563\" data-element_type=\"widget\" data-e-type=\"widget\" data-widget_type=\"text-editor.default\">\n\t\t\t\t<div class=\"elementor-widget-container\">\n\t\t\t\t\t\t\t\t\t<p>Archipelago-sifnos.gr ne sera en aucun cas tenu responsable, y compris le cas de n\u00e9gligence, des dommages subis par le visiteur\/utilisateur des pages, services, options et contenus d\u2019archipelago-sifnos.gr. Vous acc\u00e9dez \u00e0 ce contenu de votre plein gr\u00e9, reconnaissant avoir pris connaissance des conditions pr\u00e9sentes.<\/p><p>Le contenu de archipelago-sifnos.gr est fourni \u00ab tel quel \u00bb sans aucune garantie, expresse ou implicite. Archipelago-sifnos.gr refuse dans toute la mesure pr\u00e9vue par la loi toutes les garanties, expresses ou implicites, y compris, mais sans s&rsquo;y limiter, celles qui impliquent la qualit\u00e9 marchande ou la valeur adaptative \u00e0 un usage particulier.<\/p><pArchipelago-sifnos.gr ne garantit pas que les pages, les services, les options et les contenus soient fournis sans interruption, sans erreurs, ou que les erreurs soient corrig\u00e9es.<\/p><p>De plus, archipelago-sifnos.gr ne peut pas garantir que le m\u00eame site ou tout autre site affili\u00e9 ou les \u00ab serveurs \u00bb g\u00e9rant le contenu vous sont fournis sans \u00ab virus \u00bb ou autres composants nuisibles.<\/p><p>Archipelago-sifnos.gr ne garantit en aucun cas l&rsquo;exactitude, l&rsquo;exhaustivit\u00e9 ou la disponibilit\u00e9 des contenus, des pages, des services, des options ou leurs r\u00e9sultats.<\/p><p>Le co\u00fbt des corrections ou des services est \u00e0 la charge exclusive du visiteur\/utilisateur et pas d\u2019archipelago-sifnos.gr.<\/p>\t\t\t\t\t\t\t\t<\/div>\n\t\t\t\t<\/div>\n\t\t\t\t\t<\/div>\n\t\t<\/div>\n\t\t\t\t\t<\/div>\n\t\t<\/section>\n\t\t\t\t<section class=\"elementor-section elementor-top-section elementor-element elementor-element-4f906c5 elementor-section-boxed elementor-section-height-default elementor-section-height-default\" data-id=\"4f906c5\" data-element_type=\"section\" data-e-type=\"section\" data-settings=\"{&quot;_ha_eqh_enable&quot;:false}\">\n\t\t\t\t\t\t<div class=\"elementor-container elementor-column-gap-default\">\n\t\t\t\t\t<div class=\"elementor-column elementor-col-100 elementor-top-column elementor-element elementor-element-1a3de81\" data-id=\"1a3de81\" data-element_type=\"column\" data-e-type=\"column\">\n\t\t\t<div class=\"elementor-widget-wrap elementor-element-populated\">\n\t\t\t\t\t\t<div class=\"elementor-element elementor-element-988ff99 elementor-widget elementor-widget-heading\" data-id=\"988ff99\" data-element_type=\"widget\" data-e-type=\"widget\" data-widget_type=\"heading.default\">\n\t\t\t\t<div class=\"elementor-widget-container\">\n\t\t\t\t\t<h2 class=\"elementor-heading-title elementor-size-default\">Liens aux autres sites<\/h2>\t\t\t\t<\/div>\n\t\t\t\t<\/div>\n\t\t\t\t<div class=\"elementor-element elementor-element-3b6ee97 elementor-widget elementor-widget-text-editor\" data-id=\"3b6ee97\" data-element_type=\"widget\" data-e-type=\"widget\" data-widget_type=\"text-editor.default\">\n\t\t\t\t<div class=\"elementor-widget-container\">\n\t\t\t\t\t\t\t\t\t<p>Archipelago-sifnos.gr n&rsquo;a aucun contr\u00f4le sur la disponibilit\u00e9, le contenu, la politique de confidentialit\u00e9, la qualit\u00e9 et l&rsquo;exhaustivit\u00e9 des services d&rsquo;autres sites Web et pages fournis via des liens, des hyperliens ou des banni\u00e8res publicitaires. Ainsi, en cas de probl\u00e8me lors de leur utilisation, vous devez contacter directement les sites et les pages concern\u00e9s. Archipelago-sifnos.gr ne sera en aucun cas consid\u00e9r\u00e9 qu&rsquo;il approuve ou accepte le contenu ou les services des sites Web et des pages reli\u00e9es par des liens ou autrement.<\/p>\t\t\t\t\t\t\t\t<\/div>\n\t\t\t\t<\/div>\n\t\t\t\t<div class=\"elementor-element elementor-element-0eab375 elementor-widget elementor-widget-heading\" data-id=\"0eab375\" data-element_type=\"widget\" data-e-type=\"widget\" data-widget_type=\"heading.default\">\n\t\t\t\t<div class=\"elementor-widget-container\">\n\t\t\t\t\t<h2 class=\"elementor-heading-title elementor-size-default\">Liens \u00e0 archipelago-sifnos.gr<\/h2>\t\t\t\t<\/div>\n\t\t\t\t<\/div>\n\t\t\t\t<div class=\"elementor-element elementor-element-cc719ff elementor-widget elementor-widget-text-editor\" data-id=\"cc719ff\" data-element_type=\"widget\" data-e-type=\"widget\" data-widget_type=\"text-editor.default\">\n\t\t\t\t<div class=\"elementor-widget-container\">\n\t\t\t\t\t\t\t\t\t<p>Les liens vers archipelago-sifnos.gr redirigeront uniquement les utilisateurs vers sa page d&rsquo;accueil, \u00e0 l&rsquo;exclusion d&rsquo;autres pages pouvant (\u00e9ventuellement) avoir un code d&rsquo;acc\u00e8s, sauf accord expr\u00e8s contraire entre archipelago-sifnos.gr et l&rsquo;organisme li\u00e9. De plus, de tels liens ne peuvent \u00eatre cr\u00e9\u00e9s que par des hyperliens, et non par des images.<\/p>\t\t\t\t\t\t\t\t<\/div>\n\t\t\t\t<\/div>\n\t\t\t\t<div class=\"elementor-element elementor-element-8db92a9 elementor-widget elementor-widget-heading\" data-id=\"8db92a9\" data-element_type=\"widget\" data-e-type=\"widget\" data-widget_type=\"heading.default\">\n\t\t\t\t<div class=\"elementor-widget-container\">\n\t\t\t\t\t<h2 class=\"elementor-heading-title elementor-size-default\">Droit applicable et d\u2019autres modalit\u00e9s<\/h2>\t\t\t\t<\/div>\n\t\t\t\t<\/div>\n\t\t\t\t<div class=\"elementor-element elementor-element-453ba20 elementor-widget elementor-widget-text-editor\" data-id=\"453ba20\" data-element_type=\"widget\" data-e-type=\"widget\" data-widget_type=\"text-editor.default\">\n\t\t\t\t<div class=\"elementor-widget-container\">\n\t\t\t\t\t\t\t\t\t<p>Les termes et conditions de service ci-dessus d\u2019archipelago-sifnos.gr, y compris leurs amendements, changements ou alt\u00e9rations sont r\u00e9gis et compl\u00e9t\u00e9s par la loi grecque, le droit de l&rsquo;Union europ\u00e9enne et les conventions internationales pertinentes. Si une clause des pr\u00e9sentes s&rsquo;av\u00e8re inapplicable, elle cessera d&rsquo;exister et sera supprim\u00e9e. Les conditions restantes, cependant, ne seront pas affect\u00e9es ou alt\u00e9r\u00e9es.<\/p><p>Ces termes expriment l&rsquo;int\u00e9gralit\u00e9 de l&rsquo;accord entre archipelago-sifnos.gr et le visiteur\/utilisateur de ses pages et services, liant uniquement ces parties. Aucune modification de ces conditions ne sera prise en compte ou ne fera partie de cet accord, \u00e0 moins qu&rsquo;explicitement incluse par \u00e9crit dans les conditions pr\u00e9sentes.<\/p>\t\t\t\t\t\t\t\t<\/div>\n\t\t\t\t<\/div>\n\t\t\t\t<div class=\"elementor-element elementor-element-9373c9b elementor-widget elementor-widget-text-editor\" data-id=\"9373c9b\" data-element_type=\"widget\" data-e-type=\"widget\" data-widget_type=\"text-editor.default\">\n\t\t\t\t<div class=\"elementor-widget-container\">\n\t\t\t\t\t\t\t\t\t<p>Derni\u00e8re mis \u00e0 jour de la Conditions g\u00e9n\u00e9rales d\u2019utilisation: Septembre 2022<\/p>\t\t\t\t\t\t\t\t<\/div>\n\t\t\t\t<\/div>\n\t\t\t\t\t<\/div>\n\t\t<\/div>\n\t\t\t\t\t<\/div>\n\t\t<\/section>\n\t\t\t\t<\/div>\n\t\t","protected":false},"excerpt":{"rendered":"<p>Conditions g\u00e9n\u00e9rales d\u2019utilisation En utilisant les pages et les services du site, vous consentez aux conditions de service suivantes, applicables \u00e0 tout le contenu, les pages, les graphiques, les images, les photos et les fichiers inclus dans archipelago-sifnos.gr. Par cons\u00e9quent, &hellip; <a href=\"https:\/\/archipelago-sifnos.gr\/fr\/conditions-generales-dutilisation\/\">Read More<\/a><\/p>\n","protected":false},"author":1,"featured_media":0,"parent":0,"menu_order":0,"comment_status":"closed","ping_status":"closed","template":"","meta":{"footnotes":""},"class_list":["post-4625","page","type-page","status-publish","hentry"],"yoast_head":"<!-- This site is optimized with the Yoast SEO plugin v27.0 - https:\/\/yoast.com\/product\/yoast-seo-wordpress\/ -->\n<title>Conditions g\u00e9n\u00e9rales d\u2019utilisation - Archipelago - Sifnos<\/title>\n<meta name=\"robots\" content=\"index, follow, max-snippet:-1, max-image-preview:large, max-video-preview:-1\" \/>\n<link rel=\"canonical\" href=\"https:\/\/archipelago-sifnos.gr\/fr\/conditions-generales-dutilisation\/\" \/>\n<meta property=\"og:locale\" content=\"fr_FR\" \/>\n<meta property=\"og:type\" content=\"article\" \/>\n<meta property=\"og:title\" content=\"Conditions g\u00e9n\u00e9rales d\u2019utilisation - Archipelago - Sifnos\" \/>\n<meta property=\"og:description\" content=\"Conditions g\u00e9n\u00e9rales d\u2019utilisation En utilisant les pages et les services du site, vous consentez aux conditions de service suivantes, applicables \u00e0 tout le contenu, les pages, les graphiques, les images, les photos et les fichiers inclus dans archipelago-sifnos.gr. Par cons\u00e9quent, &hellip; Read More\" \/>\n<meta property=\"og:url\" content=\"https:\/\/archipelago-sifnos.gr\/fr\/conditions-generales-dutilisation\/\" \/>\n<meta property=\"og:site_name\" content=\"Archipelago - Sifnos\" \/>\n<meta property=\"article:modified_time\" content=\"2022-09-20T19:57:52+00:00\" \/>\n<meta name=\"twitter:card\" content=\"summary_large_image\" \/>\n<meta name=\"twitter:label1\" content=\"Dur\u00e9e de lecture estim\u00e9e\" \/>\n\t<meta name=\"twitter:data1\" content=\"2 minutes\" \/>\n<script type=\"application\/ld+json\" class=\"yoast-schema-graph\">{\"@context\":\"https:\/\/schema.org\",\"@graph\":[{\"@type\":\"WebPage\",\"@id\":\"https:\/\/archipelago-sifnos.gr\/fr\/conditions-generales-dutilisation\/\",\"url\":\"https:\/\/archipelago-sifnos.gr\/fr\/conditions-generales-dutilisation\/\",\"name\":\"Conditions g\u00e9n\u00e9rales d\u2019utilisation - Archipelago - Sifnos\",\"isPartOf\":{\"@id\":\"https:\/\/archipelago-sifnos.gr\/fr\/#website\"},\"datePublished\":\"2022-09-06T19:50:27+00:00\",\"dateModified\":\"2022-09-20T19:57:52+00:00\",\"breadcrumb\":{\"@id\":\"https:\/\/archipelago-sifnos.gr\/fr\/conditions-generales-dutilisation\/#breadcrumb\"},\"inLanguage\":\"fr-FR\",\"potentialAction\":[{\"@type\":\"ReadAction\",\"target\":[\"https:\/\/archipelago-sifnos.gr\/fr\/conditions-generales-dutilisation\/\"]}]},{\"@type\":\"BreadcrumbList\",\"@id\":\"https:\/\/archipelago-sifnos.gr\/fr\/conditions-generales-dutilisation\/#breadcrumb\",\"itemListElement\":[{\"@type\":\"ListItem\",\"position\":1,\"name\":\"\u0391\u03c1\u03c7\u03b9\u03ba\u03ae\",\"item\":\"https:\/\/archipelago-sifnos.gr\/fr\/\"},{\"@type\":\"ListItem\",\"position\":2,\"name\":\"Conditions g\u00e9n\u00e9rales d\u2019utilisation\"}]},{\"@type\":\"WebSite\",\"@id\":\"https:\/\/archipelago-sifnos.gr\/fr\/#website\",\"url\":\"https:\/\/archipelago-sifnos.gr\/fr\/\",\"name\":\"Archipelago - Sifnos\",\"description\":\"Just another WordPress site\",\"publisher\":{\"@id\":\"https:\/\/archipelago-sifnos.gr\/fr\/#organization\"},\"potentialAction\":[{\"@type\":\"SearchAction\",\"target\":{\"@type\":\"EntryPoint\",\"urlTemplate\":\"https:\/\/archipelago-sifnos.gr\/fr\/?s={search_term_string}\"},\"query-input\":{\"@type\":\"PropertyValueSpecification\",\"valueRequired\":true,\"valueName\":\"search_term_string\"}}],\"inLanguage\":\"fr-FR\"},{\"@type\":\"Organization\",\"@id\":\"https:\/\/archipelago-sifnos.gr\/fr\/#organization\",\"name\":\"Archipelago - Sifnos\",\"url\":\"https:\/\/archipelago-sifnos.gr\/fr\/\",\"logo\":{\"@type\":\"ImageObject\",\"inLanguage\":\"fr-FR\",\"@id\":\"https:\/\/archipelago-sifnos.gr\/fr\/#\/schema\/logo\/image\/\",\"url\":\"https:\/\/archipelago-sifnos.gr\/wp-content\/uploads\/2022\/06\/a-blue300-min.png\",\"contentUrl\":\"https:\/\/archipelago-sifnos.gr\/wp-content\/uploads\/2022\/06\/a-blue300-min.png\",\"width\":300,\"height\":446,\"caption\":\"Archipelago - Sifnos\"},\"image\":{\"@id\":\"https:\/\/archipelago-sifnos.gr\/fr\/#\/schema\/logo\/image\/\"}}]}<\/script>\n<!-- \/ Yoast SEO plugin. -->","yoast_head_json":{"title":"Conditions g\u00e9n\u00e9rales d\u2019utilisation - Archipelago - Sifnos","robots":{"index":"index","follow":"follow","max-snippet":"max-snippet:-1","max-image-preview":"max-image-preview:large","max-video-preview":"max-video-preview:-1"},"canonical":"https:\/\/archipelago-sifnos.gr\/fr\/conditions-generales-dutilisation\/","og_locale":"fr_FR","og_type":"article","og_title":"Conditions g\u00e9n\u00e9rales d\u2019utilisation - Archipelago - Sifnos","og_description":"Conditions g\u00e9n\u00e9rales d\u2019utilisation En utilisant les pages et les services du site, vous consentez aux conditions de service suivantes, applicables \u00e0 tout le contenu, les pages, les graphiques, les images, les photos et les fichiers inclus dans archipelago-sifnos.gr. Par cons\u00e9quent, &hellip; Read More","og_url":"https:\/\/archipelago-sifnos.gr\/fr\/conditions-generales-dutilisation\/","og_site_name":"Archipelago - Sifnos","article_modified_time":"2022-09-20T19:57:52+00:00","twitter_card":"summary_large_image","twitter_misc":{"Dur\u00e9e de lecture estim\u00e9e":"2 minutes"},"schema":{"@context":"https:\/\/schema.org","@graph":[{"@type":"WebPage","@id":"https:\/\/archipelago-sifnos.gr\/fr\/conditions-generales-dutilisation\/","url":"https:\/\/archipelago-sifnos.gr\/fr\/conditions-generales-dutilisation\/","name":"Conditions g\u00e9n\u00e9rales d\u2019utilisation - Archipelago - Sifnos","isPartOf":{"@id":"https:\/\/archipelago-sifnos.gr\/fr\/#website"},"datePublished":"2022-09-06T19:50:27+00:00","dateModified":"2022-09-20T19:57:52+00:00","breadcrumb":{"@id":"https:\/\/archipelago-sifnos.gr\/fr\/conditions-generales-dutilisation\/#breadcrumb"},"inLanguage":"fr-FR","potentialAction":[{"@type":"ReadAction","target":["https:\/\/archipelago-sifnos.gr\/fr\/conditions-generales-dutilisation\/"]}]},{"@type":"BreadcrumbList","@id":"https:\/\/archipelago-sifnos.gr\/fr\/conditions-generales-dutilisation\/#breadcrumb","itemListElement":[{"@type":"ListItem","position":1,"name":"\u0391\u03c1\u03c7\u03b9\u03ba\u03ae","item":"https:\/\/archipelago-sifnos.gr\/fr\/"},{"@type":"ListItem","position":2,"name":"Conditions g\u00e9n\u00e9rales d\u2019utilisation"}]},{"@type":"WebSite","@id":"https:\/\/archipelago-sifnos.gr\/fr\/#website","url":"https:\/\/archipelago-sifnos.gr\/fr\/","name":"Archipelago - Sifnos","description":"Just another WordPress site","publisher":{"@id":"https:\/\/archipelago-sifnos.gr\/fr\/#organization"},"potentialAction":[{"@type":"SearchAction","target":{"@type":"EntryPoint","urlTemplate":"https:\/\/archipelago-sifnos.gr\/fr\/?s={search_term_string}"},"query-input":{"@type":"PropertyValueSpecification","valueRequired":true,"valueName":"search_term_string"}}],"inLanguage":"fr-FR"},{"@type":"Organization","@id":"https:\/\/archipelago-sifnos.gr\/fr\/#organization","name":"Archipelago - Sifnos","url":"https:\/\/archipelago-sifnos.gr\/fr\/","logo":{"@type":"ImageObject","inLanguage":"fr-FR","@id":"https:\/\/archipelago-sifnos.gr\/fr\/#\/schema\/logo\/image\/","url":"https:\/\/archipelago-sifnos.gr\/wp-content\/uploads\/2022\/06\/a-blue300-min.png","contentUrl":"https:\/\/archipelago-sifnos.gr\/wp-content\/uploads\/2022\/06\/a-blue300-min.png","width":300,"height":446,"caption":"Archipelago - Sifnos"},"image":{"@id":"https:\/\/archipelago-sifnos.gr\/fr\/#\/schema\/logo\/image\/"}}]}},"_links":{"self":[{"href":"https:\/\/archipelago-sifnos.gr\/fr\/wp-json\/wp\/v2\/pages\/4625","targetHints":{"allow":["GET"]}}],"collection":[{"href":"https:\/\/archipelago-sifnos.gr\/fr\/wp-json\/wp\/v2\/pages"}],"about":[{"href":"https:\/\/archipelago-sifnos.gr\/fr\/wp-json\/wp\/v2\/types\/page"}],"author":[{"embeddable":true,"href":"https:\/\/archipelago-sifnos.gr\/fr\/wp-json\/wp\/v2\/users\/1"}],"replies":[{"embeddable":true,"href":"https:\/\/archipelago-sifnos.gr\/fr\/wp-json\/wp\/v2\/comments?post=4625"}],"version-history":[{"count":2,"href":"https:\/\/archipelago-sifnos.gr\/fr\/wp-json\/wp\/v2\/pages\/4625\/revisions"}],"predecessor-version":[{"id":4699,"href":"https:\/\/archipelago-sifnos.gr\/fr\/wp-json\/wp\/v2\/pages\/4625\/revisions\/4699"}],"wp:attachment":[{"href":"https:\/\/archipelago-sifnos.gr\/fr\/wp-json\/wp\/v2\/media?parent=4625"}],"curies":[{"name":"wp","href":"https:\/\/api.w.org\/{rel}","templated":true}]}}